{"id":4687,"date":"2025-01-24T11:05:06","date_gmt":"2025-01-24T10:05:06","guid":{"rendered":"https:\/\/stockhurt.com\/product\/calvin-klein-ck-%d0%be%d0%b4%d1%8f%d0%b3-%d0%bd%d0%b8%d0%b6%d0%bd%d1%8f-%d0%b1%d1%96%d0%bb%d0%b8%d0%b7%d0%bd%d0%b0-%d0%b0%d0%ba%d1%81%d0%b5%d1%81%d1%83%d0%b0%d1%80%d0%b8-%d0%ba%d0%bb%d0%b0%d1%81-a\/"},"modified":"2025-09-02T12:43:38","modified_gmt":"2025-09-02T10:43:38","slug":"calvin-klein-ck-%d0%be%d0%b4%d1%8f%d0%b3-%d0%bd%d0%b8%d0%b6%d0%bd%d1%8f-%d0%b1%d1%96%d0%bb%d0%b8%d0%b7%d0%bd%d0%b0-%d0%b0%d0%ba%d1%81%d0%b5%d1%81%d1%83%d0%b0%d1%80%d0%b8-%d0%ba%d0%bb%d0%b0%d1%81-a","status":"publish","type":"product","link":"https:\/\/stockhurt.com\/uk\/product\/calvin-klein-ck-%d0%be%d0%b4%d1%8f%d0%b3-%d0%bd%d0%b8%d0%b6%d0%bd%d1%8f-%d0%b1%d1%96%d0%bb%d0%b8%d0%b7%d0%bd%d0%b0-%d0%b0%d0%ba%d1%81%d0%b5%d1%81%d1%83%d0%b0%d1%80%d0%b8-%d0%ba%d0%bb%d0%b0%d1%81-a\/","title":{"rendered":"Calvin Klein CK \u043e\u0434\u044f\u0433 \u043d\u0438\u0436\u043d\u044f \u0431\u0456\u043b\u0438\u0437\u043d\u0430 \u0430\u043a\u0441\u0435\u0441\u0443\u0430\u0440\u0438 \u043a\u043b\u0430\u0441 A"},"content":{"rendered":"<p><span style=\"color: #008000;\"><span style=\"color: #003300;\">\u0417\u0430\u043f\u0438\u0442\u0430\u0439\u0442\u0435 \u0446\u0456\u043d\u0443 &gt;<\/span> <a href=\"https:\/\/stockhurt.com\/kontakt\/\"><strong>\u0417\u0432&#8217;\u044f\u0436\u0456\u0442\u044c\u0441\u044f \u0437 \u043d\u0430\u043c\u0438<\/strong><\/a><\/span><\/p>\n<pre id=\"tw-target-text\" class=\"tw-data-text tw-text-large tw-ta\" dir=\"ltr\" data-placeholder=\"T\u0142umaczenie\" data-ved=\"2ahUKEwi3m9akjc2LAxUpB9sEHeJ1NzQQ3ewLegQIBxAV\" aria-label=\"Przet\u0142umaczony tekst: Oferujemy oryginalne ubrania Calvin Klein w ilo\u015bciach hurtowych \u2013 od pe\u0142nych palet po mniejsze opakowania zaczynaj\u0105ce si\u0119 od 20 kg. Idealne rozwi\u0105zanie dla sklep\u00f3w i butik\u00f3w poszukuj\u0105cych jako\u015bci i stylu w atrakcyjnych cenach.\"><\/pre>\n","protected":false},"excerpt":{"rendered":"<p>\u0417\u0430\u043f\u0438\u0442\u0430\u0439\u0442\u0435 \u0446\u0456\u043d\u0443 &gt; \u0417\u0432&#8217;\u044f\u0436\u0456\u0442\u044c\u0441\u044f \u0437 \u043d\u0430\u043c\u0438 [&#8230;]<\/p>\n<p><a class=\"btn btn-secondary understrap-read-more-link\" href=\"https:\/\/stockhurt.com\/uk\/product\/calvin-klein-ck-%d0%be%d0%b4%d1%8f%d0%b3-%d0%bd%d0%b8%d0%b6%d0%bd%d1%8f-%d0%b1%d1%96%d0%bb%d0%b8%d0%b7%d0%bd%d0%b0-%d0%b0%d0%ba%d1%81%d0%b5%d1%81%d1%83%d0%b0%d1%80%d0%b8-%d0%ba%d0%bb%d0%b0%d1%81-a\/\">\u0427\u0438\u0442\u0430\u0442\u0438 \u0434\u0430\u043b\u0456&#8230;<span class=\"screen-reader-text\"> from Calvin Klein CK \u043e\u0434\u044f\u0433 \u043d\u0438\u0436\u043d\u044f \u0431\u0456\u043b\u0438\u0437\u043d\u0430 \u0430\u043a\u0441\u0435\u0441\u0443\u0430\u0440\u0438 \u043a\u043b\u0430\u0441 A<\/span><\/a><\/p>\n","protected":false},"featured_media":2086,"comment_status":"closed","ping_status":"closed","template":"","meta":{"_acf_changed":false,"om_disable_all_campaigns":false,"_monsterinsights_skip_tracking":false,"_monsterinsights_sitenote_active":false,"_monsterinsights_sitenote_note":"","_monsterinsights_sitenote_category":0},"product_cat":[1426,198,186,1010,197],"product_tag":[],"class_list":{"0":"post-4687","1":"product","2":"type-product","3":"status-publish","4":"has-post-thumbnail","6":"product_cat-premium-uk","7":"product_cat-odziez-uk","8":"product_cat-torebki-uk-2","9":"product_cat-1010","10":"product_cat-197","11":"pa_producent-calvin-klein-uk","13":"first","14":"instock","15":"taxable","16":"shipping-taxable","17":"product-type-simple"},"acf":[],"aioseo_notices":[],"_links":{"self":[{"href":"https:\/\/stockhurt.com\/uk\/wp-json\/wp\/v2\/product\/4687","targetHints":{"allow":["GET"]}}],"collection":[{"href":"https:\/\/stockhurt.com\/uk\/wp-json\/wp\/v2\/product"}],"about":[{"href":"https:\/\/stockhurt.com\/uk\/wp-json\/wp\/v2\/types\/product"}],"replies":[{"embeddable":true,"href":"https:\/\/stockhurt.com\/uk\/wp-json\/wp\/v2\/comments?post=4687"}],"wp:featuredmedia":[{"embeddable":true,"href":"https:\/\/stockhurt.com\/uk\/wp-json\/wp\/v2\/media\/2086"}],"wp:attachment":[{"href":"https:\/\/stockhurt.com\/uk\/wp-json\/wp\/v2\/media?parent=4687"}],"wp:term":[{"taxonomy":"product_cat","embeddable":true,"href":"https:\/\/stockhurt.com\/uk\/wp-json\/wp\/v2\/product_cat?post=4687"},{"taxonomy":"product_tag","embeddable":true,"href":"https:\/\/stockhurt.com\/uk\/wp-json\/wp\/v2\/product_tag?post=4687"}],"curies":[{"name":"wp","href":"https:\/\/api.w.org\/{rel}","templated":true}]}}