{"id":8021,"date":"2026-05-05T15:22:27","date_gmt":"2026-05-05T13:22:27","guid":{"rendered":"https:\/\/stockhurt.com\/?post_type=product&#038;p=8021"},"modified":"2026-05-05T15:32:00","modified_gmt":"2026-05-05T13:32:00","slug":"calzado-boozt-mix-bc-grado-b-c-kopia","status":"publish","type":"product","link":"https:\/\/stockhurt.com\/es\/producto\/calzado-boozt-mix-bc-grado-b-c-kopia\/","title":{"rendered":"Boozt MIX BC odzie\u017c gatunek B\/C"},"content":{"rendered":"<p>Ropa de mujer, hombre y ni\u00f1o: \u00a1una mezcla de marcas de primera calidad y mucho m\u00e1s!<\/p>\n<p>Grado B\/C &#8211; los productos tienen defectos reparables.<\/p>\n<p>La cantidad m\u00ednima de compra es un minipaquete. 50 unidades<br \/>\nLos precios indicados son precios netos y la entrega no est\u00e1 incluida. <\/p>\n<p>Realizamos env\u00edos a todo el mundo.<br \/>\nExiste la posibilidad de subir v\u00eddeos de la \u00faltima entrega.<br \/>\nLos gastos de env\u00edo fuera de la UE se acuerdan directamente con nuestros vendedores.<\/p>\n<p>Los modelos que se ofrecen son ejemplos. La disponibilidad de los productos puede variar y los modelos mostrados son s\u00f3lo para fines de representaci\u00f3n. <\/p>\n<p>Puedes obtener las \u00faltimas condiciones y precios directamente de nuestro personal de ventas; no dudes en ponerte en contacto con nosotros.<\/p>\n","protected":false},"excerpt":{"rendered":"<p>Ropa de mujer, hombre y ni\u00f1o: \u00a1una mezcla de marcas de primera calidad y mucho m\u00e1s! Grado B\/C &#8211; los productos tienen defectos reparables. La cantidad m\u00ednima de compra es un minipaquete. 50 unidades Los precios indicados son precios netos y la entrega no est\u00e1 incluida. Realizamos env\u00edos a todo el mundo. Existe la posibilidad [&#8230;]<\/p>\n<p><a class=\"btn btn-secondary understrap-read-more-link\" href=\"https:\/\/stockhurt.com\/es\/producto\/calzado-boozt-mix-bc-grado-b-c-kopia\/\">Leer m\u00e1s&#8230;<span class=\"screen-reader-text\"> from Boozt MIX BC odzie\u017c gatunek B\/C<\/span><\/a><\/p>\n","protected":false},"featured_media":8037,"comment_status":"closed","ping_status":"closed","template":"","meta":{"_acf_changed":false,"om_disable_all_campaigns":false,"_monsterinsights_skip_tracking":false,"_monsterinsights_sitenote_active":false,"_monsterinsights_sitenote_note":"","_monsterinsights_sitenote_category":0},"product_cat":[196,195],"product_tag":[],"class_list":{"0":"post-8021","1":"product","2":"type-product","3":"status-publish","4":"has-post-thumbnail","6":"product_cat-ropa-es","7":"product_cat-mix-es","8":"pa_producent-boozt-es","10":"first","11":"outofstock","12":"taxable","13":"shipping-taxable","14":"product-type-simple"},"acf":[],"aioseo_notices":[],"_links":{"self":[{"href":"https:\/\/stockhurt.com\/es\/wp-json\/wp\/v2\/product\/8021","targetHints":{"allow":["GET"]}}],"collection":[{"href":"https:\/\/stockhurt.com\/es\/wp-json\/wp\/v2\/product"}],"about":[{"href":"https:\/\/stockhurt.com\/es\/wp-json\/wp\/v2\/types\/product"}],"replies":[{"embeddable":true,"href":"https:\/\/stockhurt.com\/es\/wp-json\/wp\/v2\/comments?post=8021"}],"wp:featuredmedia":[{"embeddable":true,"href":"https:\/\/stockhurt.com\/es\/wp-json\/wp\/v2\/media\/8037"}],"wp:attachment":[{"href":"https:\/\/stockhurt.com\/es\/wp-json\/wp\/v2\/media?parent=8021"}],"wp:term":[{"taxonomy":"product_cat","embeddable":true,"href":"https:\/\/stockhurt.com\/es\/wp-json\/wp\/v2\/product_cat?post=8021"},{"taxonomy":"product_tag","embeddable":true,"href":"https:\/\/stockhurt.com\/es\/wp-json\/wp\/v2\/product_tag?post=8021"}],"curies":[{"name":"wp","href":"https:\/\/api.w.org\/{rel}","templated":true}]}}