{"id":7966,"date":"2026-05-05T13:00:43","date_gmt":"2026-05-05T11:00:43","guid":{"rendered":"https:\/\/stockhurt.com\/?post_type=product&#038;p=7966"},"modified":"2026-05-07T08:23:55","modified_gmt":"2026-05-07T06:23:55","slug":"trendyol-electronica-philips-dyson-remington-canon-grado-b-kopia","status":"publish","type":"product","link":"https:\/\/stockhurt.com\/es\/producto\/trendyol-electronica-philips-dyson-remington-canon-grado-b-kopia\/","title":{"rendered":"Calzado Boozt MIX BC Grado B\/C"},"content":{"rendered":"<p>Calzado para mujer, hombre y ni\u00f1o: \u00a1una mezcla de marcas de primera calidad y mucho m\u00e1s!<\/p>\n<p>Grado B\/C &#8211; los productos tienen defectos reparables.<\/p>\n<p>Los precios indicados son netos y no incluyen la entrega.<\/p>\n<p>Realizamos env\u00edos a todo el mundo.<br \/>\nExiste la posibilidad de subir v\u00eddeos de la \u00faltima entrega.<br \/>\nLos gastos de env\u00edo fuera de la UE se acuerdan directamente con nuestros vendedores.<\/p>\n<p>Los modelos que se ofrecen son ejemplos. La disponibilidad de los productos puede variar y los modelos mostrados son s\u00f3lo para fines de representaci\u00f3n. <\/p>\n<p>Puedes obtener las \u00faltimas condiciones y precios directamente de nuestro personal de ventas; no dudes en ponerte en contacto con nosotros.<\/p>\n","protected":false},"excerpt":{"rendered":"<p>Calzado para mujer, hombre y ni\u00f1o: \u00a1una mezcla de marcas de primera calidad y mucho m\u00e1s! Grado B\/C &#8211; los productos tienen defectos reparables. Los precios indicados son netos y no incluyen la entrega. Realizamos env\u00edos a todo el mundo. Existe la posibilidad de subir v\u00eddeos de la \u00faltima entrega. Los gastos de env\u00edo fuera [&#8230;]<\/p>\n<p><a class=\"btn btn-secondary understrap-read-more-link\" href=\"https:\/\/stockhurt.com\/es\/producto\/trendyol-electronica-philips-dyson-remington-canon-grado-b-kopia\/\">Leer m\u00e1s&#8230;<span class=\"screen-reader-text\"> from Calzado Boozt MIX BC Grado B\/C<\/span><\/a><\/p>\n","protected":false},"featured_media":7978,"comment_status":"closed","ping_status":"closed","template":"","meta":{"_acf_changed":false,"om_disable_all_campaigns":false,"_monsterinsights_skip_tracking":false,"_monsterinsights_sitenote_active":false,"_monsterinsights_sitenote_note":"","_monsterinsights_sitenote_category":0},"product_cat":[954],"product_tag":[],"class_list":{"0":"post-7966","1":"product","2":"type-product","3":"status-publish","4":"has-post-thumbnail","6":"product_cat-calzado","7":"pa_producent-boozt-es","9":"first","10":"instock","11":"taxable","12":"shipping-taxable","13":"product-type-simple"},"acf":[],"aioseo_notices":[],"_links":{"self":[{"href":"https:\/\/stockhurt.com\/es\/wp-json\/wp\/v2\/product\/7966","targetHints":{"allow":["GET"]}}],"collection":[{"href":"https:\/\/stockhurt.com\/es\/wp-json\/wp\/v2\/product"}],"about":[{"href":"https:\/\/stockhurt.com\/es\/wp-json\/wp\/v2\/types\/product"}],"replies":[{"embeddable":true,"href":"https:\/\/stockhurt.com\/es\/wp-json\/wp\/v2\/comments?post=7966"}],"wp:featuredmedia":[{"embeddable":true,"href":"https:\/\/stockhurt.com\/es\/wp-json\/wp\/v2\/media\/7978"}],"wp:attachment":[{"href":"https:\/\/stockhurt.com\/es\/wp-json\/wp\/v2\/media?parent=7966"}],"wp:term":[{"taxonomy":"product_cat","embeddable":true,"href":"https:\/\/stockhurt.com\/es\/wp-json\/wp\/v2\/product_cat?post=7966"},{"taxonomy":"product_tag","embeddable":true,"href":"https:\/\/stockhurt.com\/es\/wp-json\/wp\/v2\/product_tag?post=7966"}],"curies":[{"name":"wp","href":"https:\/\/api.w.org\/{rel}","templated":true}]}}