{"id":7946,"date":"2026-05-05T12:20:41","date_gmt":"2026-05-05T10:20:41","guid":{"rendered":"https:\/\/stockhurt.com\/?post_type=product&#038;p=7946"},"modified":"2026-05-05T12:26:13","modified_gmt":"2026-05-05T10:26:13","slug":"trendyol-ropa-calzado-accesorios-y-complementos-grado-b-kopia-2","status":"publish","type":"product","link":"https:\/\/stockhurt.com\/es\/producto\/trendyol-ropa-calzado-accesorios-y-complementos-grado-b-kopia-2\/","title":{"rendered":"TRENDYOL electr\u00f3nica PHILIPS DYSON REMINGTON CANON grado B"},"content":{"rendered":"<p>Ofrecemos productos electr\u00f3nicos de calidad B cuidadosamente seleccionados: los productos proceden del punto de venta, son devoluciones de consumidores aptas para la reventa.<\/p>\n<p>La gama incluye cafeteras, planchas para el pelo, aspiradoras, impresoras, batidoras y otros electrodom\u00e9sticos y accesorios en diversas variantes y modelos. <\/p>\n<p>Encontrar\u00e1s marcas en la paleta: BaByliss, Canon, Dyson, Philips, Remington \u00a1y muchas, muchas m\u00e1s!<\/p>\n<p>Los precios indicados son netos y no incluyen la entrega.<\/p>\n<p>Realizamos env\u00edos a todo el mundo. Se pueden a\u00f1adir v\u00eddeos de la \u00faltima entrega. El coste de la entrega fuera de la UE se acuerda directamente con nuestros minoristas.<\/p>\n<p>Los modelos que se ofrecen son ejemplos. La disponibilidad de los productos puede variar y los modelos mostrados son s\u00f3lo para fines de representaci\u00f3n. <\/p>\n<p>Puedes obtener las \u00faltimas condiciones y precios directamente de nuestro personal de ventas; no dudes en ponerte en contacto con nosotros.<\/p>\n","protected":false},"excerpt":{"rendered":"<p>Ofrecemos productos electr\u00f3nicos de calidad B cuidadosamente seleccionados: los productos proceden del punto de venta, son devoluciones de consumidores aptas para la reventa. La gama incluye cafeteras, planchas para el pelo, aspiradoras, impresoras, batidoras y otros electrodom\u00e9sticos y accesorios en diversas variantes y modelos. Encontrar\u00e1s marcas en la paleta: BaByliss, Canon, Dyson, Philips, Remington \u00a1y [&#8230;]<\/p>\n<p><a class=\"btn btn-secondary understrap-read-more-link\" href=\"https:\/\/stockhurt.com\/es\/producto\/trendyol-ropa-calzado-accesorios-y-complementos-grado-b-kopia-2\/\">Leer m\u00e1s&#8230;<span class=\"screen-reader-text\"> from TRENDYOL electr\u00f3nica PHILIPS DYSON REMINGTON CANON grado B<\/span><\/a><\/p>\n","protected":false},"featured_media":7954,"comment_status":"closed","ping_status":"closed","template":"","meta":{"_acf_changed":false,"om_disable_all_campaigns":false,"_monsterinsights_skip_tracking":false,"_monsterinsights_sitenote_active":false,"_monsterinsights_sitenote_note":"","_monsterinsights_sitenote_category":0},"product_cat":[1452],"product_tag":[],"class_list":{"0":"post-7946","1":"product","2":"type-product","3":"status-publish","4":"has-post-thumbnail","6":"product_cat-electronica","7":"pa_producent-trendyol-es","9":"first","10":"outofstock","11":"taxable","12":"shipping-taxable","13":"product-type-simple"},"acf":[],"aioseo_notices":[],"_links":{"self":[{"href":"https:\/\/stockhurt.com\/es\/wp-json\/wp\/v2\/product\/7946","targetHints":{"allow":["GET"]}}],"collection":[{"href":"https:\/\/stockhurt.com\/es\/wp-json\/wp\/v2\/product"}],"about":[{"href":"https:\/\/stockhurt.com\/es\/wp-json\/wp\/v2\/types\/product"}],"replies":[{"embeddable":true,"href":"https:\/\/stockhurt.com\/es\/wp-json\/wp\/v2\/comments?post=7946"}],"wp:featuredmedia":[{"embeddable":true,"href":"https:\/\/stockhurt.com\/es\/wp-json\/wp\/v2\/media\/7954"}],"wp:attachment":[{"href":"https:\/\/stockhurt.com\/es\/wp-json\/wp\/v2\/media?parent=7946"}],"wp:term":[{"taxonomy":"product_cat","embeddable":true,"href":"https:\/\/stockhurt.com\/es\/wp-json\/wp\/v2\/product_cat?post=7946"},{"taxonomy":"product_tag","embeddable":true,"href":"https:\/\/stockhurt.com\/es\/wp-json\/wp\/v2\/product_tag?post=7946"}],"curies":[{"name":"wp","href":"https:\/\/api.w.org\/{rel}","templated":true}]}}