{"id":7922,"date":"2026-05-05T11:45:59","date_gmt":"2026-05-05T09:45:59","guid":{"rendered":"https:\/\/stockhurt.com\/product\/trendyol-ropa-calzado-accesorios-y-complementos-grado-b\/"},"modified":"2026-05-05T11:45:59","modified_gmt":"2026-05-05T09:45:59","slug":"trendyol-ropa-calzado-accesorios-y-complementos-grado-b","status":"publish","type":"product","link":"https:\/\/stockhurt.com\/es\/producto\/trendyol-ropa-calzado-accesorios-y-complementos-grado-b\/","title":{"rendered":"TRENDYOL ropa calzado accesorios y complementos grado B"},"content":{"rendered":"<p>Ofrecemos ropa, calzado, accesorios, electr\u00f3nica y art\u00edculos para el hogar de categor\u00eda B cuidadosamente seleccionados: devoluciones de consumidores, excedentes de existencias.<\/p>\n<p>La gama incluye vestidos, blusas, pantalones y otras prendas de diversos cortes y tallas. <\/p>\n<p>En la paleta encontrar\u00e1s marcas: NA-KD, Kaffe Pieces, Trendyol, Vero Moda, Vila y muchas, muchas m\u00e1s&#8230;.<\/p>\n<p>Realizamos env\u00edos a todo el mundo.<br \/>\nExiste la posibilidad de subir v\u00eddeos de la \u00faltima entrega.<br \/>\nLos gastos de env\u00edo fuera de la UE se acuerdan directamente con nuestros vendedores.<\/p>\n<p>Los modelos que se ofrecen son ejemplos. La disponibilidad de los productos puede variar y los modelos mostrados son s\u00f3lo para fines de representaci\u00f3n. <\/p>\n<p>Puedes obtener las \u00faltimas condiciones y precios directamente de nuestros distribuidores; no dudes en ponerte en contacto con nosotros.<br \/>\nVendemos esta mercanc\u00eda exclusivamente en pal\u00e9s.<\/p>\n","protected":false},"excerpt":{"rendered":"<p>Ofrecemos ropa, calzado, accesorios, electr\u00f3nica y art\u00edculos para el hogar de categor\u00eda B cuidadosamente seleccionados: devoluciones de consumidores, excedentes de existencias. La gama incluye vestidos, blusas, pantalones y otras prendas de diversos cortes y tallas. En la paleta encontrar\u00e1s marcas: NA-KD, Kaffe Pieces, Trendyol, Vero Moda, Vila y muchas, muchas m\u00e1s&#8230;. Realizamos env\u00edos a todo [&#8230;]<\/p>\n<p><a class=\"btn btn-secondary understrap-read-more-link\" href=\"https:\/\/stockhurt.com\/es\/producto\/trendyol-ropa-calzado-accesorios-y-complementos-grado-b\/\">Leer m\u00e1s&#8230;<span class=\"screen-reader-text\"> from TRENDYOL ropa calzado accesorios y complementos grado B<\/span><\/a><\/p>\n","protected":false},"featured_media":7895,"comment_status":"closed","ping_status":"closed","template":"","meta":{"_acf_changed":false,"om_disable_all_campaigns":false,"_monsterinsights_skip_tracking":false,"_monsterinsights_sitenote_active":false,"_monsterinsights_sitenote_note":"","_monsterinsights_sitenote_category":0},"product_cat":[196,954,1146,195],"product_tag":[],"class_list":{"0":"post-7922","1":"product","2":"type-product","3":"status-publish","4":"has-post-thumbnail","6":"product_cat-ropa-es","7":"product_cat-calzado","8":"product_cat-accesorios","9":"product_cat-mix-es","10":"pa_producent-trendyol-es","12":"first","13":"instock","14":"taxable","15":"shipping-taxable","16":"product-type-simple"},"acf":[],"aioseo_notices":[],"_links":{"self":[{"href":"https:\/\/stockhurt.com\/es\/wp-json\/wp\/v2\/product\/7922","targetHints":{"allow":["GET"]}}],"collection":[{"href":"https:\/\/stockhurt.com\/es\/wp-json\/wp\/v2\/product"}],"about":[{"href":"https:\/\/stockhurt.com\/es\/wp-json\/wp\/v2\/types\/product"}],"replies":[{"embeddable":true,"href":"https:\/\/stockhurt.com\/es\/wp-json\/wp\/v2\/comments?post=7922"}],"wp:featuredmedia":[{"embeddable":true,"href":"https:\/\/stockhurt.com\/es\/wp-json\/wp\/v2\/media\/7895"}],"wp:attachment":[{"href":"https:\/\/stockhurt.com\/es\/wp-json\/wp\/v2\/media?parent=7922"}],"wp:term":[{"taxonomy":"product_cat","embeddable":true,"href":"https:\/\/stockhurt.com\/es\/wp-json\/wp\/v2\/product_cat?post=7922"},{"taxonomy":"product_tag","embeddable":true,"href":"https:\/\/stockhurt.com\/es\/wp-json\/wp\/v2\/product_tag?post=7922"}],"curies":[{"name":"wp","href":"https:\/\/api.w.org\/{rel}","templated":true}]}}