{"id":7814,"date":"2026-04-28T17:22:07","date_gmt":"2026-04-28T15:22:07","guid":{"rendered":"https:\/\/stockhurt.com\/product\/ropa-nelly-mix-grado-b\/"},"modified":"2026-04-28T17:27:34","modified_gmt":"2026-04-28T15:27:34","slug":"ropa-nelly-mix-grado-b","status":"publish","type":"product","link":"https:\/\/stockhurt.com\/es\/producto\/ropa-nelly-mix-grado-b\/","title":{"rendered":"Ropa Nelly MIX grado B"},"content":{"rendered":"<p>Est\u00e1 disponible un MIX de ropa de la marca Nelly, categor\u00eda B. Es posible clasificar la ropa por temporadas. ( por ejemplo, s\u00f3lo primavera\/verano.)<br \/>\nLa cantidad m\u00ednima de compra es de 20 kg.<\/p>\n<p>Los precios indicados son precios netos y la entrega no est\u00e1 incluida.<br \/>\nRealizamos env\u00edos a todo el mundo.<\/p>\n<p>Es posible enviar v\u00eddeos de la \u00faltima entrega.<br \/>\nEl coste de la entrega fuera de la UE se determina directamente con nuestros proveedores.<\/p>\n<p>** Si est\u00e1s interesado en m\u00e1s &#8211; \u00a1escr\u00edbenos!<\/p>\n","protected":false},"excerpt":{"rendered":"<p>Est\u00e1 disponible un MIX de ropa de la marca Nelly, categor\u00eda B. Es posible clasificar la ropa por temporadas. ( por ejemplo, s\u00f3lo primavera\/verano.) La cantidad m\u00ednima de compra es de 20 kg. Los precios indicados son precios netos y la entrega no est\u00e1 incluida. Realizamos env\u00edos a todo el mundo. Es posible enviar v\u00eddeos [&#8230;]<\/p>\n<p><a class=\"btn btn-secondary understrap-read-more-link\" href=\"https:\/\/stockhurt.com\/es\/producto\/ropa-nelly-mix-grado-b\/\">Leer m\u00e1s&#8230;<span class=\"screen-reader-text\"> from Ropa Nelly MIX grado B<\/span><\/a><\/p>\n","protected":false},"featured_media":7803,"comment_status":"closed","ping_status":"closed","template":"","meta":{"_acf_changed":false,"om_disable_all_campaigns":false,"_monsterinsights_skip_tracking":false,"_monsterinsights_sitenote_active":false,"_monsterinsights_sitenote_note":"","_monsterinsights_sitenote_category":0},"product_cat":[196],"product_tag":[],"class_list":{"0":"post-7814","1":"product","2":"type-product","3":"status-publish","4":"has-post-thumbnail","6":"product_cat-ropa-es","7":"pa_producent-nelly-es","9":"first","10":"instock","11":"taxable","12":"shipping-taxable","13":"product-type-simple"},"acf":[],"aioseo_notices":[],"_links":{"self":[{"href":"https:\/\/stockhurt.com\/es\/wp-json\/wp\/v2\/product\/7814","targetHints":{"allow":["GET"]}}],"collection":[{"href":"https:\/\/stockhurt.com\/es\/wp-json\/wp\/v2\/product"}],"about":[{"href":"https:\/\/stockhurt.com\/es\/wp-json\/wp\/v2\/types\/product"}],"replies":[{"embeddable":true,"href":"https:\/\/stockhurt.com\/es\/wp-json\/wp\/v2\/comments?post=7814"}],"wp:featuredmedia":[{"embeddable":true,"href":"https:\/\/stockhurt.com\/es\/wp-json\/wp\/v2\/media\/7803"}],"wp:attachment":[{"href":"https:\/\/stockhurt.com\/es\/wp-json\/wp\/v2\/media?parent=7814"}],"wp:term":[{"taxonomy":"product_cat","embeddable":true,"href":"https:\/\/stockhurt.com\/es\/wp-json\/wp\/v2\/product_cat?post=7814"},{"taxonomy":"product_tag","embeddable":true,"href":"https:\/\/stockhurt.com\/es\/wp-json\/wp\/v2\/product_tag?post=7814"}],"curies":[{"name":"wp","href":"https:\/\/api.w.org\/{rel}","templated":true}]}}