{"id":7798,"date":"2026-04-28T15:52:05","date_gmt":"2026-04-28T13:52:05","guid":{"rendered":"https:\/\/stockhurt.com\/product\/mezcla-de-ropa-nakd-grado-a\/"},"modified":"2026-04-28T15:52:05","modified_gmt":"2026-04-28T13:52:05","slug":"mezcla-de-ropa-nakd-grado-a","status":"publish","type":"product","link":"https:\/\/stockhurt.com\/es\/producto\/mezcla-de-ropa-nakd-grado-a\/","title":{"rendered":"Mezcla de ropa NAKD grado A"},"content":{"rendered":"<p data-start=\"46\" data-end=\"282\">Ofrecemos una amplia gama de prendas de categor\u00eda A, caracterizadas por una confecci\u00f3n de alta calidad, un acabado esmerado y un dise\u00f1o a la moda. Nuestros productos son la elecci\u00f3n ideal para quienes buscan prendas duraderas y con estilo para diversas temporadas. <\/p>\n<p data-start=\"284\" data-end=\"445\">Las ventas se realizan \u00fanicamente por pal\u00e9s y paquetes. Ponte en contacto con nosotros para conocer los kits disponibles antes de comprar. <\/p>\n<p data-start=\"447\" data-end=\"537\">Echa un vistazo a nuestra oferta outlet y aprovecha nuestros atractivos precios.<\/p>\n<p data-start=\"539\" data-end=\"614\">\n","protected":false},"excerpt":{"rendered":"<p>Ofrecemos una amplia gama de prendas de categor\u00eda A, caracterizadas por una confecci\u00f3n de alta calidad, un acabado esmerado y un dise\u00f1o a la moda. Nuestros productos son la elecci\u00f3n ideal para quienes buscan prendas duraderas y con estilo para diversas temporadas. Las ventas se realizan \u00fanicamente por pal\u00e9s y paquetes. Ponte en contacto con [&#8230;]<\/p>\n<p><a class=\"btn btn-secondary understrap-read-more-link\" href=\"https:\/\/stockhurt.com\/es\/producto\/mezcla-de-ropa-nakd-grado-a\/\">Leer m\u00e1s&#8230;<span class=\"screen-reader-text\"> from Mezcla de ropa NAKD grado A<\/span><\/a><\/p>\n","protected":false},"featured_media":7775,"comment_status":"closed","ping_status":"closed","template":"","meta":{"_acf_changed":false,"om_disable_all_campaigns":false,"_monsterinsights_skip_tracking":false,"_monsterinsights_sitenote_active":false,"_monsterinsights_sitenote_note":"","_monsterinsights_sitenote_category":0},"product_cat":[196,195],"product_tag":[],"class_list":{"0":"post-7798","1":"product","2":"type-product","3":"status-publish","4":"has-post-thumbnail","6":"product_cat-ropa-es","7":"product_cat-mix-es","8":"pa_producent-na-kd-es-2","10":"first","11":"instock","12":"taxable","13":"shipping-taxable","14":"product-type-simple"},"acf":[],"aioseo_notices":[],"_links":{"self":[{"href":"https:\/\/stockhurt.com\/es\/wp-json\/wp\/v2\/product\/7798","targetHints":{"allow":["GET"]}}],"collection":[{"href":"https:\/\/stockhurt.com\/es\/wp-json\/wp\/v2\/product"}],"about":[{"href":"https:\/\/stockhurt.com\/es\/wp-json\/wp\/v2\/types\/product"}],"replies":[{"embeddable":true,"href":"https:\/\/stockhurt.com\/es\/wp-json\/wp\/v2\/comments?post=7798"}],"wp:featuredmedia":[{"embeddable":true,"href":"https:\/\/stockhurt.com\/es\/wp-json\/wp\/v2\/media\/7775"}],"wp:attachment":[{"href":"https:\/\/stockhurt.com\/es\/wp-json\/wp\/v2\/media?parent=7798"}],"wp:term":[{"taxonomy":"product_cat","embeddable":true,"href":"https:\/\/stockhurt.com\/es\/wp-json\/wp\/v2\/product_cat?post=7798"},{"taxonomy":"product_tag","embeddable":true,"href":"https:\/\/stockhurt.com\/es\/wp-json\/wp\/v2\/product_tag?post=7798"}],"curies":[{"name":"wp","href":"https:\/\/api.w.org\/{rel}","templated":true}]}}