{"id":7296,"date":"2026-03-30T12:04:51","date_gmt":"2026-03-30T10:04:51","guid":{"rendered":"https:\/\/stockhurt.com\/product\/ropa-veepee-grado-a\/"},"modified":"2026-03-30T12:14:11","modified_gmt":"2026-03-30T10:14:11","slug":"ropa-veepee-grado-a","status":"publish","type":"product","link":"https:\/\/stockhurt.com\/es\/producto\/ropa-veepee-grado-a\/","title":{"rendered":"Ropa Veepee grado A"},"content":{"rendered":"<p>Grado A (nuevos productos, muchas marcas premium)<\/p>\n<p>&#8211; Los precios indicados son netos y no incluyen la entrega.<br \/>\n&#8211; Enviamos mercanc\u00edas a todo el mundo.<br \/>\n&#8211; Existe la posibilidad de a\u00f1adir v\u00eddeos de la \u00faltima entrega.<br \/>\n&#8211; El coste de la entrega fuera de la UE se determina directamente con nuestros proveedores.<\/p>\n<p>En la oferta se presentan modelos de muestra. La disponibilidad del producto puede variar, y los modelos mostrados son s\u00f3lo a efectos de representaci\u00f3n.<\/p>\n<p>No dudes en ponerte en contacto con nosotros.<\/p>\n","protected":false},"excerpt":{"rendered":"<p>Grado A (nuevos productos, muchas marcas premium) &#8211; Los precios indicados son netos y no incluyen la entrega. &#8211; Enviamos mercanc\u00edas a todo el mundo. &#8211; Existe la posibilidad de a\u00f1adir v\u00eddeos de la \u00faltima entrega. &#8211; El coste de la entrega fuera de la UE se determina directamente con nuestros proveedores. En la oferta [&#8230;]<\/p>\n<p><a class=\"btn btn-secondary understrap-read-more-link\" href=\"https:\/\/stockhurt.com\/es\/producto\/ropa-veepee-grado-a\/\">Leer m\u00e1s&#8230;<span class=\"screen-reader-text\"> from Ropa Veepee grado A<\/span><\/a><\/p>\n","protected":false},"featured_media":7292,"comment_status":"closed","ping_status":"closed","template":"","meta":{"_acf_changed":false,"om_disable_all_campaigns":false,"_monsterinsights_skip_tracking":false,"_monsterinsights_sitenote_active":false,"_monsterinsights_sitenote_note":"","_monsterinsights_sitenote_category":0},"product_cat":[1425,196],"product_tag":[],"class_list":{"0":"post-7296","1":"product","2":"type-product","3":"status-publish","4":"has-post-thumbnail","6":"product_cat-premium-es","7":"product_cat-ropa-es","8":"pa_producent-veepee-es","10":"first","11":"instock","12":"taxable","13":"shipping-taxable","14":"product-type-simple"},"acf":[],"aioseo_notices":[],"_links":{"self":[{"href":"https:\/\/stockhurt.com\/es\/wp-json\/wp\/v2\/product\/7296","targetHints":{"allow":["GET"]}}],"collection":[{"href":"https:\/\/stockhurt.com\/es\/wp-json\/wp\/v2\/product"}],"about":[{"href":"https:\/\/stockhurt.com\/es\/wp-json\/wp\/v2\/types\/product"}],"replies":[{"embeddable":true,"href":"https:\/\/stockhurt.com\/es\/wp-json\/wp\/v2\/comments?post=7296"}],"wp:featuredmedia":[{"embeddable":true,"href":"https:\/\/stockhurt.com\/es\/wp-json\/wp\/v2\/media\/7292"}],"wp:attachment":[{"href":"https:\/\/stockhurt.com\/es\/wp-json\/wp\/v2\/media?parent=7296"}],"wp:term":[{"taxonomy":"product_cat","embeddable":true,"href":"https:\/\/stockhurt.com\/es\/wp-json\/wp\/v2\/product_cat?post=7296"},{"taxonomy":"product_tag","embeddable":true,"href":"https:\/\/stockhurt.com\/es\/wp-json\/wp\/v2\/product_tag?post=7296"}],"curies":[{"name":"wp","href":"https:\/\/api.w.org\/{rel}","templated":true}]}}