{"id":7126,"date":"2026-03-27T10:17:53","date_gmt":"2026-03-27T09:17:53","guid":{"rendered":"https:\/\/stockhurt.com\/?post_type=product&#038;p=7126"},"modified":"2026-03-27T10:24:20","modified_gmt":"2026-03-27T09:24:20","slug":"bestseller-regular-ropa-de-mujer-grado-a-kopia","status":"publish","type":"product","link":"https:\/\/stockhurt.com\/es\/producto\/bestseller-regular-ropa-de-mujer-grado-a-kopia\/","title":{"rendered":"Bestseller REGULAR ropa de ni\u00f1os grado A"},"content":{"rendered":"<p>Bestseller Ropa normal de ninos mezcla de marcas (Only, Pieces, NameIt, Vero Moda)<br \/>\n&#8211; La cantidad m\u00ednima de compra es un paquete de 20 kg.<br \/>\n&#8211; Los precios mostrados son precios netos y la entrega no est\u00e1 incluida.<br \/>\n&#8211; Realizamos env\u00edos a todo el mundo.<br \/>\n&#8211; Es posible enviar v\u00eddeos de la \u00faltima entrega.<br \/>\n&#8211; El coste de la entrega fuera de la UE se determina directamente con nuestros vendedores.<\/p>\n<p>En la oferta se presentan modelos de muestra. La disponibilidad del producto puede variar, y los modelos mostrados son s\u00f3lo a efectos de representaci\u00f3n.<\/p>\n<p>No dudes en ponerte en contacto con nosotros.<\/p>\n","protected":false},"excerpt":{"rendered":"<p>Bestseller Ropa normal de ninos mezcla de marcas (Only, Pieces, NameIt, Vero Moda) &#8211; La cantidad m\u00ednima de compra es un paquete de 20 kg. &#8211; Los precios mostrados son precios netos y la entrega no est\u00e1 incluida. &#8211; Realizamos env\u00edos a todo el mundo. &#8211; Es posible enviar v\u00eddeos de la \u00faltima entrega. &#8211; [&#8230;]<\/p>\n<p><a class=\"btn btn-secondary understrap-read-more-link\" href=\"https:\/\/stockhurt.com\/es\/producto\/bestseller-regular-ropa-de-mujer-grado-a-kopia\/\">Leer m\u00e1s&#8230;<span class=\"screen-reader-text\"> from Bestseller REGULAR ropa de ni\u00f1os grado A<\/span><\/a><\/p>\n","protected":false},"featured_media":7267,"comment_status":"closed","ping_status":"closed","template":"","meta":{"_acf_changed":false,"om_disable_all_campaigns":false,"_monsterinsights_skip_tracking":false,"_monsterinsights_sitenote_active":false,"_monsterinsights_sitenote_note":"","_monsterinsights_sitenote_category":0},"product_cat":[196],"product_tag":[],"class_list":{"0":"post-7126","1":"product","2":"type-product","3":"status-publish","4":"has-post-thumbnail","6":"product_cat-ropa-es","7":"pa_producent-bestseller-regular-es","9":"first","10":"instock","11":"taxable","12":"shipping-taxable","13":"product-type-simple"},"acf":[],"aioseo_notices":[],"_links":{"self":[{"href":"https:\/\/stockhurt.com\/es\/wp-json\/wp\/v2\/product\/7126","targetHints":{"allow":["GET"]}}],"collection":[{"href":"https:\/\/stockhurt.com\/es\/wp-json\/wp\/v2\/product"}],"about":[{"href":"https:\/\/stockhurt.com\/es\/wp-json\/wp\/v2\/types\/product"}],"replies":[{"embeddable":true,"href":"https:\/\/stockhurt.com\/es\/wp-json\/wp\/v2\/comments?post=7126"}],"wp:featuredmedia":[{"embeddable":true,"href":"https:\/\/stockhurt.com\/es\/wp-json\/wp\/v2\/media\/7267"}],"wp:attachment":[{"href":"https:\/\/stockhurt.com\/es\/wp-json\/wp\/v2\/media?parent=7126"}],"wp:term":[{"taxonomy":"product_cat","embeddable":true,"href":"https:\/\/stockhurt.com\/es\/wp-json\/wp\/v2\/product_cat?post=7126"},{"taxonomy":"product_tag","embeddable":true,"href":"https:\/\/stockhurt.com\/es\/wp-json\/wp\/v2\/product_tag?post=7126"}],"curies":[{"name":"wp","href":"https:\/\/api.w.org\/{rel}","templated":true}]}}