{"id":7044,"date":"2026-03-25T19:53:19","date_gmt":"2026-03-25T18:53:19","guid":{"rendered":"https:\/\/stockhurt.com\/product\/mezcla-para-calzar-grado-a\/"},"modified":"2026-04-17T11:09:42","modified_gmt":"2026-04-17T09:09:42","slug":"mezcla-para-calzar-grado-a","status":"publish","type":"product","link":"https:\/\/stockhurt.com\/es\/producto\/mezcla-para-calzar-grado-a\/","title":{"rendered":"MEZCLA PARA CALZAR grado A"},"content":{"rendered":"<p>Ofrecemos zapatos nuevos, mezcla de marcas &#8211; La cantidad m\u00ednima de compra es de 17 zapatos.<\/p>\n<p>Los precios indicados son netos y no incluyen la entrega.<\/p>\n<p>Realizamos env\u00edos a todo el mundo.<\/p>\n<p>Se pueden a\u00f1adir v\u00eddeos de la \u00faltima entrega.<\/p>\n<p>Los modelos que se ofrecen son ejemplos. La disponibilidad de los productos puede variar y los modelos mostrados son s\u00f3lo para fines de representaci\u00f3n. <\/p>\n<p>El coste de la entrega fuera de la UE se acuerda directamente con nuestros minoristas.<\/p>\n<p>No dudes en ponerte en contacto con nosotros.<\/p>\n","protected":false},"excerpt":{"rendered":"<p>Ofrecemos zapatos nuevos, mezcla de marcas &#8211; La cantidad m\u00ednima de compra es de 17 zapatos. Los precios indicados son netos y no incluyen la entrega. Realizamos env\u00edos a todo el mundo. Se pueden a\u00f1adir v\u00eddeos de la \u00faltima entrega. Los modelos que se ofrecen son ejemplos. La disponibilidad de los productos puede variar y [&#8230;]<\/p>\n<p><a class=\"btn btn-secondary understrap-read-more-link\" href=\"https:\/\/stockhurt.com\/es\/producto\/mezcla-para-calzar-grado-a\/\">Leer m\u00e1s&#8230;<span class=\"screen-reader-text\"> from MEZCLA PARA CALZAR grado A<\/span><\/a><\/p>\n","protected":false},"featured_media":7213,"comment_status":"closed","ping_status":"closed","template":"","meta":{"_acf_changed":false,"om_disable_all_campaigns":false,"_monsterinsights_skip_tracking":false,"_monsterinsights_sitenote_active":false,"_monsterinsights_sitenote_note":"","_monsterinsights_sitenote_category":0},"product_cat":[1425,954],"product_tag":[],"class_list":{"0":"post-7044","1":"product","2":"type-product","3":"status-publish","4":"has-post-thumbnail","6":"product_cat-premium-es","7":"product_cat-calzado","8":"pa_producent-mezclar-a","10":"first","11":"outofstock","12":"taxable","13":"shipping-taxable","14":"product-type-simple"},"acf":[],"aioseo_notices":[],"_links":{"self":[{"href":"https:\/\/stockhurt.com\/es\/wp-json\/wp\/v2\/product\/7044","targetHints":{"allow":["GET"]}}],"collection":[{"href":"https:\/\/stockhurt.com\/es\/wp-json\/wp\/v2\/product"}],"about":[{"href":"https:\/\/stockhurt.com\/es\/wp-json\/wp\/v2\/types\/product"}],"replies":[{"embeddable":true,"href":"https:\/\/stockhurt.com\/es\/wp-json\/wp\/v2\/comments?post=7044"}],"wp:featuredmedia":[{"embeddable":true,"href":"https:\/\/stockhurt.com\/es\/wp-json\/wp\/v2\/media\/7213"}],"wp:attachment":[{"href":"https:\/\/stockhurt.com\/es\/wp-json\/wp\/v2\/media?parent=7044"}],"wp:term":[{"taxonomy":"product_cat","embeddable":true,"href":"https:\/\/stockhurt.com\/es\/wp-json\/wp\/v2\/product_cat?post=7044"},{"taxonomy":"product_tag","embeddable":true,"href":"https:\/\/stockhurt.com\/es\/wp-json\/wp\/v2\/product_tag?post=7044"}],"curies":[{"name":"wp","href":"https:\/\/api.w.org\/{rel}","templated":true}]}}