{"id":7019,"date":"2026-03-25T17:56:52","date_gmt":"2026-03-25T16:56:52","guid":{"rendered":"https:\/\/stockhurt.com\/product\/mezcla-de-ropa-misspap-grado-b\/"},"modified":"2026-03-25T18:01:56","modified_gmt":"2026-03-25T17:01:56","slug":"mezcla-de-ropa-misspap-grado-b","status":"publish","type":"product","link":"https:\/\/stockhurt.com\/es\/producto\/mezcla-de-ropa-misspap-grado-b\/","title":{"rendered":"Mezcla de ropa Misspap grado B"},"content":{"rendered":"<p>Ropa y calzado de mujer Misspap: puede tener un peque\u00f1o % de defecto.<\/p>\n<p>Bienes de categor\u00eda B, mezcla de temporada<\/p>\n<p>La cantidad m\u00ednima de compra es de 20 kg.<\/p>\n<p>Los precios indicados son netos y no incluyen la entrega.<\/p>\n<p>Enviamos mercanc\u00edas a todo el mundo.<\/p>\n<p>Existe la posibilidad de a\u00f1adir v\u00eddeos de la \u00faltima entrega.<\/p>\n<p>En la oferta se presentan modelos de muestra. La disponibilidad del producto puede variar, y los modelos mostrados son s\u00f3lo a efectos de representaci\u00f3n.<\/p>\n<p>El coste de la entrega fuera de la UE se determina directamente con nuestros proveedores.<\/p>\n<p>No dudes en ponerte en contacto con nosotros.<\/p>\n","protected":false},"excerpt":{"rendered":"<p>Ropa y calzado de mujer Misspap: puede tener un peque\u00f1o % de defecto. Bienes de categor\u00eda B, mezcla de temporada La cantidad m\u00ednima de compra es de 20 kg. Los precios indicados son netos y no incluyen la entrega. Enviamos mercanc\u00edas a todo el mundo. Existe la posibilidad de a\u00f1adir v\u00eddeos de la \u00faltima entrega. [&#8230;]<\/p>\n<p><a class=\"btn btn-secondary understrap-read-more-link\" href=\"https:\/\/stockhurt.com\/es\/producto\/mezcla-de-ropa-misspap-grado-b\/\">Leer m\u00e1s&#8230;<span class=\"screen-reader-text\"> from Mezcla de ropa Misspap grado B<\/span><\/a><\/p>\n","protected":false},"featured_media":7221,"comment_status":"closed","ping_status":"closed","template":"","meta":{"_acf_changed":false,"om_disable_all_campaigns":false,"_monsterinsights_skip_tracking":false,"_monsterinsights_sitenote_active":false,"_monsterinsights_sitenote_note":"","_monsterinsights_sitenote_category":0},"product_cat":[196],"product_tag":[],"class_list":{"0":"post-7019","1":"product","2":"type-product","3":"status-publish","4":"has-post-thumbnail","6":"product_cat-ropa-es","7":"pa_producent-misspap-es-2","9":"first","10":"instock","11":"taxable","12":"shipping-taxable","13":"product-type-simple"},"acf":[],"aioseo_notices":[],"_links":{"self":[{"href":"https:\/\/stockhurt.com\/es\/wp-json\/wp\/v2\/product\/7019","targetHints":{"allow":["GET"]}}],"collection":[{"href":"https:\/\/stockhurt.com\/es\/wp-json\/wp\/v2\/product"}],"about":[{"href":"https:\/\/stockhurt.com\/es\/wp-json\/wp\/v2\/types\/product"}],"replies":[{"embeddable":true,"href":"https:\/\/stockhurt.com\/es\/wp-json\/wp\/v2\/comments?post=7019"}],"wp:featuredmedia":[{"embeddable":true,"href":"https:\/\/stockhurt.com\/es\/wp-json\/wp\/v2\/media\/7221"}],"wp:attachment":[{"href":"https:\/\/stockhurt.com\/es\/wp-json\/wp\/v2\/media?parent=7019"}],"wp:term":[{"taxonomy":"product_cat","embeddable":true,"href":"https:\/\/stockhurt.com\/es\/wp-json\/wp\/v2\/product_cat?post=7019"},{"taxonomy":"product_tag","embeddable":true,"href":"https:\/\/stockhurt.com\/es\/wp-json\/wp\/v2\/product_tag?post=7019"}],"curies":[{"name":"wp","href":"https:\/\/api.w.org\/{rel}","templated":true}]}}