{"id":6973,"date":"2026-03-23T15:38:42","date_gmt":"2026-03-23T14:38:42","guid":{"rendered":"https:\/\/stockhurt.com\/product\/ropa-de-costa-vestidos-grado-b-outlet\/"},"modified":"2026-03-25T20:08:21","modified_gmt":"2026-03-25T19:08:21","slug":"ropa-de-costa-vestidos-grado-b-outlet","status":"publish","type":"product","link":"https:\/\/stockhurt.com\/es\/producto\/ropa-de-costa-vestidos-grado-b-outlet\/","title":{"rendered":"Ropa de costa vestidos grado B outlet"},"content":{"rendered":"<p>Ropa de mujer de la marca Coast \ud83d\udc97<br \/>\nMercanc\u00eda de categor\u00eda B, devoluciones de clientes<br \/>\nHay muchos vestidos en oferta<\/p>\n<p>Es posible clasificar la ropa por temporadas. ( por ejemplo, s\u00f3lo primavera\/verano.)<br \/>\nLa cantidad m\u00ednima de compra es de 20 kg. <\/p>\n<p>Los precios indicados son precios netos y la entrega no est\u00e1 incluida.<br \/>\nRealizamos env\u00edos a todo el mundo.<\/p>\n<p>Existe la posibilidad de a\u00f1adir v\u00eddeos de la \u00faltima entrega.<\/p>\n<p>El coste de la entrega fuera de la UE se determina directamente con nuestros proveedores.<\/p>\n<p>En la oferta se presentan modelos de muestra. La disponibilidad del producto puede variar, y los modelos mostrados son s\u00f3lo a efectos de representaci\u00f3n. <\/p>\n<p>No dudes en ponerte en contacto con nosotros.<\/p>\n","protected":false},"excerpt":{"rendered":"<p>Ropa de mujer de la marca Coast \ud83d\udc97 Mercanc\u00eda de categor\u00eda B, devoluciones de clientes Hay muchos vestidos en oferta Es posible clasificar la ropa por temporadas. ( por ejemplo, s\u00f3lo primavera\/verano.) La cantidad m\u00ednima de compra es de 20 kg. Los precios indicados son precios netos y la entrega no est\u00e1 incluida. Realizamos env\u00edos [&#8230;]<\/p>\n<p><a class=\"btn btn-secondary understrap-read-more-link\" href=\"https:\/\/stockhurt.com\/es\/producto\/ropa-de-costa-vestidos-grado-b-outlet\/\">Leer m\u00e1s&#8230;<span class=\"screen-reader-text\"> from Ropa de costa vestidos grado B outlet<\/span><\/a><\/p>\n","protected":false},"featured_media":7251,"comment_status":"closed","ping_status":"closed","template":"","meta":{"_acf_changed":false,"om_disable_all_campaigns":false,"_monsterinsights_skip_tracking":false,"_monsterinsights_sitenote_active":false,"_monsterinsights_sitenote_note":"","_monsterinsights_sitenote_category":0},"product_cat":[196],"product_tag":[],"class_list":{"0":"post-6973","1":"product","2":"type-product","3":"status-publish","4":"has-post-thumbnail","6":"product_cat-ropa-es","7":"pa_producent-coast-es-2","9":"first","10":"instock","11":"taxable","12":"shipping-taxable","13":"product-type-simple"},"acf":[],"aioseo_notices":[],"_links":{"self":[{"href":"https:\/\/stockhurt.com\/es\/wp-json\/wp\/v2\/product\/6973","targetHints":{"allow":["GET"]}}],"collection":[{"href":"https:\/\/stockhurt.com\/es\/wp-json\/wp\/v2\/product"}],"about":[{"href":"https:\/\/stockhurt.com\/es\/wp-json\/wp\/v2\/types\/product"}],"replies":[{"embeddable":true,"href":"https:\/\/stockhurt.com\/es\/wp-json\/wp\/v2\/comments?post=6973"}],"wp:featuredmedia":[{"embeddable":true,"href":"https:\/\/stockhurt.com\/es\/wp-json\/wp\/v2\/media\/7251"}],"wp:attachment":[{"href":"https:\/\/stockhurt.com\/es\/wp-json\/wp\/v2\/media?parent=6973"}],"wp:term":[{"taxonomy":"product_cat","embeddable":true,"href":"https:\/\/stockhurt.com\/es\/wp-json\/wp\/v2\/product_cat?post=6973"},{"taxonomy":"product_tag","embeddable":true,"href":"https:\/\/stockhurt.com\/es\/wp-json\/wp\/v2\/product_tag?post=6973"}],"curies":[{"name":"wp","href":"https:\/\/api.w.org\/{rel}","templated":true}]}}