{"id":6868,"date":"2026-03-17T13:52:42","date_gmt":"2026-03-17T12:52:42","guid":{"rendered":"https:\/\/stockhurt.com\/product\/veepee-relojes-smartwatches-outlet-grado-b\/"},"modified":"2026-04-17T11:09:35","modified_gmt":"2026-04-17T09:09:35","slug":"veepee-relojes-smartwatches-outlet-grado-b","status":"publish","type":"product","link":"https:\/\/stockhurt.com\/es\/producto\/veepee-relojes-smartwatches-outlet-grado-b\/","title":{"rendered":"V* Mix smartwatches outlet grado B"},"content":{"rendered":"<p data-start=\"48\" data-end=\"272\">Ofrecemos una amplia gama de relojes de marcas de renombre, que combinan la precisi\u00f3n de la fabricaci\u00f3n, la durabilidad de los materiales y el dise\u00f1o moderno. Nuestros productos son la elecci\u00f3n ideal para quienes valoran la elegancia, el estilo y la funcionalidad cotidiana. Las ventas se realizan \u00fanicamente por pal\u00e9s y paquetes. Los relojes proceden del punto de venta y pueden tener peque\u00f1as imperfecciones. Ponte en contacto con nosotros para conocer los detalles de los conjuntos disponibles antes de comprar.    <\/p>\n<p data-start=\"427\" data-end=\"517\">Echa un vistazo a nuestra oferta outlet y aprovecha nuestros atractivos precios.<\/p>\n<p data-start=\"519\" data-end=\"594\">Se aplican restricciones a determinados pa\u00edses.<\/p>\n","protected":false},"excerpt":{"rendered":"<p>Ofrecemos una amplia gama de relojes de marcas de renombre, que combinan la precisi\u00f3n de la fabricaci\u00f3n, la durabilidad de los materiales y el dise\u00f1o moderno. Nuestros productos son la elecci\u00f3n ideal para quienes valoran la elegancia, el estilo y la funcionalidad cotidiana. Las ventas se realizan \u00fanicamente por pal\u00e9s y paquetes. Los relojes proceden [&#8230;]<\/p>\n<p><a class=\"btn btn-secondary understrap-read-more-link\" href=\"https:\/\/stockhurt.com\/es\/producto\/veepee-relojes-smartwatches-outlet-grado-b\/\">Leer m\u00e1s&#8230;<span class=\"screen-reader-text\"> from V* Mix smartwatches outlet grado B<\/span><\/a><\/p>\n","protected":false},"featured_media":6864,"comment_status":"closed","ping_status":"closed","template":"","meta":{"_acf_changed":false,"om_disable_all_campaigns":false,"_monsterinsights_skip_tracking":false,"_monsterinsights_sitenote_active":false,"_monsterinsights_sitenote_note":"","_monsterinsights_sitenote_category":0},"product_cat":[1425,1449],"product_tag":[],"class_list":{"0":"post-6868","1":"product","2":"type-product","3":"status-publish","4":"has-post-thumbnail","6":"product_cat-premium-es","7":"product_cat-relojes","8":"pa_producent-veepee-es","10":"first","11":"instock","12":"taxable","13":"shipping-taxable","14":"product-type-simple"},"acf":[],"aioseo_notices":[],"_links":{"self":[{"href":"https:\/\/stockhurt.com\/es\/wp-json\/wp\/v2\/product\/6868","targetHints":{"allow":["GET"]}}],"collection":[{"href":"https:\/\/stockhurt.com\/es\/wp-json\/wp\/v2\/product"}],"about":[{"href":"https:\/\/stockhurt.com\/es\/wp-json\/wp\/v2\/types\/product"}],"replies":[{"embeddable":true,"href":"https:\/\/stockhurt.com\/es\/wp-json\/wp\/v2\/comments?post=6868"}],"wp:featuredmedia":[{"embeddable":true,"href":"https:\/\/stockhurt.com\/es\/wp-json\/wp\/v2\/media\/6864"}],"wp:attachment":[{"href":"https:\/\/stockhurt.com\/es\/wp-json\/wp\/v2\/media?parent=6868"}],"wp:term":[{"taxonomy":"product_cat","embeddable":true,"href":"https:\/\/stockhurt.com\/es\/wp-json\/wp\/v2\/product_cat?post=6868"},{"taxonomy":"product_tag","embeddable":true,"href":"https:\/\/stockhurt.com\/es\/wp-json\/wp\/v2\/product_tag?post=6868"}],"curies":[{"name":"wp","href":"https:\/\/api.w.org\/{rel}","templated":true}]}}