{"id":4703,"date":"2025-01-24T15:13:17","date_gmt":"2025-01-24T14:13:17","guid":{"rendered":"https:\/\/stockhurt.com\/product\/pijama-seidensticker-ropa-interior-grado-a\/"},"modified":"2025-11-27T15:00:26","modified_gmt":"2025-11-27T14:00:26","slug":"pijama-seidensticker-ropa-interior-grado-a","status":"publish","type":"product","link":"https:\/\/stockhurt.com\/es\/producto\/pijama-seidensticker-ropa-interior-grado-a\/","title":{"rendered":"Pijama Seidensticker ropa interior grado A"},"content":{"rendered":"<p>Seidensticker es una marca alemana que ofrece pijamas y ropa interior de alta calidad. Ofrecemos precios atractivos, una amplia selecci\u00f3n de productos en materiales c\u00f3modos, ideales para el d\u00eda a d\u00eda. Oferta al por mayor dirigida a peque\u00f1os y grandes minoristas.<\/p>\n","protected":false},"excerpt":{"rendered":"<p>Seidensticker es una marca alemana que ofrece pijamas y ropa interior de alta calidad. Ofrecemos precios atractivos, una amplia selecci\u00f3n de productos en materiales c\u00f3modos, ideales para el d\u00eda a d\u00eda. Oferta al por mayor dirigida a peque\u00f1os y grandes minoristas. [&#8230;]<\/p>\n<p><a class=\"btn btn-secondary understrap-read-more-link\" href=\"https:\/\/stockhurt.com\/es\/producto\/pijama-seidensticker-ropa-interior-grado-a\/\">Leer m\u00e1s&#8230;<span class=\"screen-reader-text\"> from Pijama Seidensticker ropa interior grado A<\/span><\/a><\/p>\n","protected":false},"featured_media":2472,"comment_status":"closed","ping_status":"closed","template":"","meta":{"_acf_changed":false,"om_disable_all_campaigns":false,"_monsterinsights_skip_tracking":false,"_monsterinsights_sitenote_active":false,"_monsterinsights_sitenote_note":"","_monsterinsights_sitenote_category":0},"product_cat":[1014],"product_tag":[],"class_list":{"0":"post-4703","1":"product","2":"type-product","3":"status-publish","4":"has-post-thumbnail","6":"product_cat-ropa-interior","7":"pa_producent-seidensticker-es-2","9":"first","10":"instock","11":"taxable","12":"shipping-taxable","13":"product-type-simple"},"acf":[],"aioseo_notices":[],"_links":{"self":[{"href":"https:\/\/stockhurt.com\/es\/wp-json\/wp\/v2\/product\/4703","targetHints":{"allow":["GET"]}}],"collection":[{"href":"https:\/\/stockhurt.com\/es\/wp-json\/wp\/v2\/product"}],"about":[{"href":"https:\/\/stockhurt.com\/es\/wp-json\/wp\/v2\/types\/product"}],"replies":[{"embeddable":true,"href":"https:\/\/stockhurt.com\/es\/wp-json\/wp\/v2\/comments?post=4703"}],"wp:featuredmedia":[{"embeddable":true,"href":"https:\/\/stockhurt.com\/es\/wp-json\/wp\/v2\/media\/2472"}],"wp:attachment":[{"href":"https:\/\/stockhurt.com\/es\/wp-json\/wp\/v2\/media?parent=4703"}],"wp:term":[{"taxonomy":"product_cat","embeddable":true,"href":"https:\/\/stockhurt.com\/es\/wp-json\/wp\/v2\/product_cat?post=4703"},{"taxonomy":"product_tag","embeddable":true,"href":"https:\/\/stockhurt.com\/es\/wp-json\/wp\/v2\/product_tag?post=4703"}],"curies":[{"name":"wp","href":"https:\/\/api.w.org\/{rel}","templated":true}]}}