{"id":4701,"date":"2025-01-24T11:05:06","date_gmt":"2025-01-24T10:05:06","guid":{"rendered":"https:\/\/stockhurt.com\/product\/calvin-klein-ck-ropa-ropa-interior-accesorios-grado-a\/"},"modified":"2025-09-02T12:44:31","modified_gmt":"2025-09-02T10:44:31","slug":"calvin-klein-ck-ropa-ropa-interior-accesorios-grado-a","status":"publish","type":"product","link":"https:\/\/stockhurt.com\/es\/producto\/calvin-klein-ck-ropa-ropa-interior-accesorios-grado-a\/","title":{"rendered":"Calvin Klein CK ropa ropa interior accesorios grado A"},"content":{"rendered":"<p><span style=\"color: #008000;\"><span style=\"color: #003300;\">Consultar precio &gt;<\/span> <a href=\"https:\/\/stockhurt.com\/kontakt\/\"><strong>Contacta con<\/strong><\/a><\/span><\/p>\n<pre id=\"tw-target-text\" class=\"tw-data-text tw-text-large tw-ta\" dir=\"ltr\" data-placeholder=\"T\u0142umaczenie\" data-ved=\"2ahUKEwi3m9akjc2LAxUpB9sEHeJ1NzQQ3ewLegQIBxAV\" aria-label=\"Przet\u0142umaczony tekst: Oferujemy oryginalne ubrania Calvin Klein w ilo\u015bciach hurtowych \u2013 od pe\u0142nych palet po mniejsze opakowania zaczynaj\u0105ce si\u0119 od 20 kg. Idealne rozwi\u0105zanie dla sklep\u00f3w i butik\u00f3w poszukuj\u0105cych jako\u015bci i stylu w atrakcyjnych cenach.\"><\/pre>\n","protected":false},"excerpt":{"rendered":"<p>Consultar precio &gt; Contacta con [&#8230;]<\/p>\n<p><a class=\"btn btn-secondary understrap-read-more-link\" href=\"https:\/\/stockhurt.com\/es\/producto\/calvin-klein-ck-ropa-ropa-interior-accesorios-grado-a\/\">Leer m\u00e1s&#8230;<span class=\"screen-reader-text\"> from Calvin Klein CK ropa ropa interior accesorios grado A<\/span><\/a><\/p>\n","protected":false},"featured_media":2085,"comment_status":"closed","ping_status":"closed","template":"","meta":{"_acf_changed":false,"om_disable_all_campaigns":false,"_monsterinsights_skip_tracking":false,"_monsterinsights_sitenote_active":false,"_monsterinsights_sitenote_note":"","_monsterinsights_sitenote_category":0},"product_cat":[1425,196,185,1014,195],"product_tag":[],"class_list":{"0":"post-4701","1":"product","2":"type-product","3":"status-publish","4":"has-post-thumbnail","6":"product_cat-premium-es","7":"product_cat-ropa-es","8":"product_cat-bolsos","9":"product_cat-ropa-interior","10":"product_cat-mix-es","11":"pa_producent-calvin-klein-es-2","13":"first","14":"instock","15":"taxable","16":"shipping-taxable","17":"product-type-simple"},"acf":[],"aioseo_notices":[],"_links":{"self":[{"href":"https:\/\/stockhurt.com\/es\/wp-json\/wp\/v2\/product\/4701","targetHints":{"allow":["GET"]}}],"collection":[{"href":"https:\/\/stockhurt.com\/es\/wp-json\/wp\/v2\/product"}],"about":[{"href":"https:\/\/stockhurt.com\/es\/wp-json\/wp\/v2\/types\/product"}],"replies":[{"embeddable":true,"href":"https:\/\/stockhurt.com\/es\/wp-json\/wp\/v2\/comments?post=4701"}],"wp:featuredmedia":[{"embeddable":true,"href":"https:\/\/stockhurt.com\/es\/wp-json\/wp\/v2\/media\/2085"}],"wp:attachment":[{"href":"https:\/\/stockhurt.com\/es\/wp-json\/wp\/v2\/media?parent=4701"}],"wp:term":[{"taxonomy":"product_cat","embeddable":true,"href":"https:\/\/stockhurt.com\/es\/wp-json\/wp\/v2\/product_cat?post=4701"},{"taxonomy":"product_tag","embeddable":true,"href":"https:\/\/stockhurt.com\/es\/wp-json\/wp\/v2\/product_tag?post=4701"}],"curies":[{"name":"wp","href":"https:\/\/api.w.org\/{rel}","templated":true}]}}