{"id":4688,"date":"2025-02-03T11:02:16","date_gmt":"2025-02-03T10:02:16","guid":{"rendered":"https:\/\/stockhurt.com\/product\/mezcla-de-ropa-de-grado-a\/"},"modified":"2025-11-27T15:04:46","modified_gmt":"2025-11-27T14:04:46","slug":"mezcla-de-ropa-de-grado-a","status":"publish","type":"product","link":"https:\/\/stockhurt.com\/es\/producto\/mezcla-de-ropa-de-grado-a\/","title":{"rendered":"A-view de ropa de grado A"},"content":{"rendered":"<p>A-View es una marca moderna que ofrece productos minimalistas y funcionales con un dise\u00f1o elegante, dirigidos a quienes aprecian la est\u00e9tica y la mano de obra de alta calidad. Se ofrecen jerseys y pantalones de varias piezas, una peque\u00f1a mezcla.<\/p>\n","protected":false},"excerpt":{"rendered":"<p>A-View es una marca moderna que ofrece productos minimalistas y funcionales con un dise\u00f1o elegante, dirigidos a quienes aprecian la est\u00e9tica y la mano de obra de alta calidad. Se ofrecen jerseys y pantalones de varias piezas, una peque\u00f1a mezcla. [&#8230;]<\/p>\n<p><a class=\"btn btn-secondary understrap-read-more-link\" href=\"https:\/\/stockhurt.com\/es\/producto\/mezcla-de-ropa-de-grado-a\/\">Leer m\u00e1s&#8230;<span class=\"screen-reader-text\"> from A-view de ropa de grado A<\/span><\/a><\/p>\n","protected":false},"featured_media":2363,"comment_status":"closed","ping_status":"closed","template":"","meta":{"_acf_changed":false,"om_disable_all_campaigns":false,"_monsterinsights_skip_tracking":false,"_monsterinsights_sitenote_active":false,"_monsterinsights_sitenote_note":"","_monsterinsights_sitenote_category":0},"product_cat":[196],"product_tag":[],"class_list":{"0":"post-4688","1":"product","2":"type-product","3":"status-publish","4":"has-post-thumbnail","6":"product_cat-ropa-es","7":"pa_producent-a-view-es","9":"first","10":"instock","11":"taxable","12":"shipping-taxable","13":"product-type-simple"},"acf":[],"aioseo_notices":[],"_links":{"self":[{"href":"https:\/\/stockhurt.com\/es\/wp-json\/wp\/v2\/product\/4688","targetHints":{"allow":["GET"]}}],"collection":[{"href":"https:\/\/stockhurt.com\/es\/wp-json\/wp\/v2\/product"}],"about":[{"href":"https:\/\/stockhurt.com\/es\/wp-json\/wp\/v2\/types\/product"}],"replies":[{"embeddable":true,"href":"https:\/\/stockhurt.com\/es\/wp-json\/wp\/v2\/comments?post=4688"}],"wp:featuredmedia":[{"embeddable":true,"href":"https:\/\/stockhurt.com\/es\/wp-json\/wp\/v2\/media\/2363"}],"wp:attachment":[{"href":"https:\/\/stockhurt.com\/es\/wp-json\/wp\/v2\/media?parent=4688"}],"wp:term":[{"taxonomy":"product_cat","embeddable":true,"href":"https:\/\/stockhurt.com\/es\/wp-json\/wp\/v2\/product_cat?post=4688"},{"taxonomy":"product_tag","embeddable":true,"href":"https:\/\/stockhurt.com\/es\/wp-json\/wp\/v2\/product_tag?post=4688"}],"curies":[{"name":"wp","href":"https:\/\/api.w.org\/{rel}","templated":true}]}}