{"id":4681,"date":"2025-01-23T13:24:13","date_gmt":"2025-01-23T12:24:13","guid":{"rendered":"https:\/\/stockhurt.com\/product\/zapatos-para-mujer-prettylittlething-plt-grado-b\/"},"modified":"2026-01-01T00:02:03","modified_gmt":"2025-12-31T23:02:03","slug":"zapatos-para-mujer-prettylittlething-plt-grado-b","status":"publish","type":"product","link":"https:\/\/stockhurt.com\/es\/producto\/zapatos-para-mujer-prettylittlething-plt-grado-b\/","title":{"rendered":"Zapatos para mujer PrettyLittleThing PLT grado B"},"content":{"rendered":"<p>Los zapatos de PrettyLittleThing de la gama outlet son productos totalmente funcionales, pero con peque\u00f1os defectos est\u00e9ticos. Ofrecen un dise\u00f1o a la moda y comodidad, y el precio es inferior al de los productos de precio completo.<\/p>\n","protected":false},"excerpt":{"rendered":"<p>Los zapatos de PrettyLittleThing de la gama outlet son productos totalmente funcionales, pero con peque\u00f1os defectos est\u00e9ticos. Ofrecen un dise\u00f1o a la moda y comodidad, y el precio es inferior al de los productos de precio completo. [&#8230;]<\/p>\n<p><a class=\"btn btn-secondary understrap-read-more-link\" href=\"https:\/\/stockhurt.com\/es\/producto\/zapatos-para-mujer-prettylittlething-plt-grado-b\/\">Leer m\u00e1s&#8230;<span class=\"screen-reader-text\"> from Zapatos para mujer PrettyLittleThing PLT grado B<\/span><\/a><\/p>\n","protected":false},"featured_media":1875,"comment_status":"closed","ping_status":"closed","template":"","meta":{"_acf_changed":false,"om_disable_all_campaigns":false,"_monsterinsights_skip_tracking":false,"_monsterinsights_sitenote_active":false,"_monsterinsights_sitenote_note":"","_monsterinsights_sitenote_category":0},"product_cat":[954,352],"product_tag":[],"class_list":{"0":"post-4681","1":"product","2":"type-product","3":"status-publish","4":"has-post-thumbnail","6":"product_cat-calzado","7":"product_cat-venta","8":"pa_producent-prettylittlething-2-es","10":"first","11":"instock","12":"taxable","13":"shipping-taxable","14":"product-type-simple"},"acf":[],"aioseo_notices":[],"_links":{"self":[{"href":"https:\/\/stockhurt.com\/es\/wp-json\/wp\/v2\/product\/4681","targetHints":{"allow":["GET"]}}],"collection":[{"href":"https:\/\/stockhurt.com\/es\/wp-json\/wp\/v2\/product"}],"about":[{"href":"https:\/\/stockhurt.com\/es\/wp-json\/wp\/v2\/types\/product"}],"replies":[{"embeddable":true,"href":"https:\/\/stockhurt.com\/es\/wp-json\/wp\/v2\/comments?post=4681"}],"wp:featuredmedia":[{"embeddable":true,"href":"https:\/\/stockhurt.com\/es\/wp-json\/wp\/v2\/media\/1875"}],"wp:attachment":[{"href":"https:\/\/stockhurt.com\/es\/wp-json\/wp\/v2\/media?parent=4681"}],"wp:term":[{"taxonomy":"product_cat","embeddable":true,"href":"https:\/\/stockhurt.com\/es\/wp-json\/wp\/v2\/product_cat?post=4681"},{"taxonomy":"product_tag","embeddable":true,"href":"https:\/\/stockhurt.com\/es\/wp-json\/wp\/v2\/product_tag?post=4681"}],"curies":[{"name":"wp","href":"https:\/\/api.w.org\/{rel}","templated":true}]}}