{"id":4675,"date":"2025-02-06T13:18:13","date_gmt":"2025-02-06T12:18:13","guid":{"rendered":"https:\/\/stockhurt.com\/product\/ropa-de-hombre-s-oliver-grado-a\/"},"modified":"2025-11-27T15:19:41","modified_gmt":"2025-11-27T14:19:41","slug":"ropa-de-hombre-s-oliver-grado-a","status":"publish","type":"product","link":"https:\/\/stockhurt.com\/es\/producto\/ropa-de-hombre-s-oliver-grado-a\/","title":{"rendered":"Ropa de hombre s.Oliver grado A"},"content":{"rendered":"<p>Encontrar\u00e1s ropa para mujer y hombre de s.Oliver, que ofrece un estilo atemporal y alta calidad. Adem\u00e1s, te permitimos comprar por selecci\u00f3n de paquetes o pal\u00e9s, lo que te da flexibilidad para elegir los productos seg\u00fan tus necesidades.<\/p>\n","protected":false},"excerpt":{"rendered":"<p>Encontrar\u00e1s ropa para mujer y hombre de s.Oliver, que ofrece un estilo atemporal y alta calidad. Adem\u00e1s, te permitimos comprar por selecci\u00f3n de paquetes o pal\u00e9s, lo que te da flexibilidad para elegir los productos seg\u00fan tus necesidades. [&#8230;]<\/p>\n<p><a class=\"btn btn-secondary understrap-read-more-link\" href=\"https:\/\/stockhurt.com\/es\/producto\/ropa-de-hombre-s-oliver-grado-a\/\">Leer m\u00e1s&#8230;<span class=\"screen-reader-text\"> from Ropa de hombre s.Oliver grado A<\/span><\/a><\/p>\n","protected":false},"featured_media":2526,"comment_status":"closed","ping_status":"closed","template":"","meta":{"_acf_changed":false,"om_disable_all_campaigns":false,"_monsterinsights_skip_tracking":false,"_monsterinsights_sitenote_active":false,"_monsterinsights_sitenote_note":"","_monsterinsights_sitenote_category":0},"product_cat":[196],"product_tag":[],"class_list":{"0":"post-4675","1":"product","2":"type-product","3":"status-publish","4":"has-post-thumbnail","6":"product_cat-ropa-es","7":"pa_producent-s-oliver-es-2","9":"first","10":"outofstock","11":"taxable","12":"shipping-taxable","13":"product-type-simple"},"acf":[],"aioseo_notices":[],"_links":{"self":[{"href":"https:\/\/stockhurt.com\/es\/wp-json\/wp\/v2\/product\/4675","targetHints":{"allow":["GET"]}}],"collection":[{"href":"https:\/\/stockhurt.com\/es\/wp-json\/wp\/v2\/product"}],"about":[{"href":"https:\/\/stockhurt.com\/es\/wp-json\/wp\/v2\/types\/product"}],"replies":[{"embeddable":true,"href":"https:\/\/stockhurt.com\/es\/wp-json\/wp\/v2\/comments?post=4675"}],"wp:featuredmedia":[{"embeddable":true,"href":"https:\/\/stockhurt.com\/es\/wp-json\/wp\/v2\/media\/2526"}],"wp:attachment":[{"href":"https:\/\/stockhurt.com\/es\/wp-json\/wp\/v2\/media?parent=4675"}],"wp:term":[{"taxonomy":"product_cat","embeddable":true,"href":"https:\/\/stockhurt.com\/es\/wp-json\/wp\/v2\/product_cat?post=4675"},{"taxonomy":"product_tag","embeddable":true,"href":"https:\/\/stockhurt.com\/es\/wp-json\/wp\/v2\/product_tag?post=4675"}],"curies":[{"name":"wp","href":"https:\/\/api.w.org\/{rel}","templated":true}]}}