{"id":4672,"date":"2025-01-23T11:43:42","date_gmt":"2025-01-23T10:43:42","guid":{"rendered":"https:\/\/stockhurt.com\/product\/calzado-femenino-prettylittlething-plt-grado-a\/"},"modified":"2025-12-05T10:23:09","modified_gmt":"2025-12-05T09:23:09","slug":"calzado-femenino-prettylittlething-plt-grado-a","status":"publish","type":"product","link":"https:\/\/stockhurt.com\/es\/producto\/calzado-femenino-prettylittlething-plt-grado-a\/","title":{"rendered":"Calzado femenino PrettyLittleThing PLT grado A"},"content":{"rendered":"<p>El calzado de PrettyLittleThing combina el dise\u00f1o de moda con la comodidad, ofreciendo una amplia gama de zapatos para cada ocasi\u00f3n. Desde elegantes tacones de aguja a deportivas, la marca ofrece soluciones elegantes y c\u00f3modas para cada mujer.<\/p>\n","protected":false},"excerpt":{"rendered":"<p>El calzado de PrettyLittleThing combina el dise\u00f1o de moda con la comodidad, ofreciendo una amplia gama de zapatos para cada ocasi\u00f3n. Desde elegantes tacones de aguja a deportivas, la marca ofrece soluciones elegantes y c\u00f3modas para cada mujer. [&#8230;]<\/p>\n<p><a class=\"btn btn-secondary understrap-read-more-link\" href=\"https:\/\/stockhurt.com\/es\/producto\/calzado-femenino-prettylittlething-plt-grado-a\/\">Leer m\u00e1s&#8230;<span class=\"screen-reader-text\"> from Calzado femenino PrettyLittleThing PLT grado A<\/span><\/a><\/p>\n","protected":false},"featured_media":1867,"comment_status":"closed","ping_status":"closed","template":"","meta":{"_acf_changed":false,"om_disable_all_campaigns":false,"_monsterinsights_skip_tracking":false,"_monsterinsights_sitenote_active":false,"_monsterinsights_sitenote_note":"","_monsterinsights_sitenote_category":0},"product_cat":[954,352],"product_tag":[],"class_list":{"0":"post-4672","1":"product","2":"type-product","3":"status-publish","4":"has-post-thumbnail","6":"product_cat-calzado","7":"product_cat-venta","8":"pa_producent-prettylittlething-2-es","10":"first","11":"instock","12":"taxable","13":"shipping-taxable","14":"product-type-simple"},"acf":[],"aioseo_notices":[],"_links":{"self":[{"href":"https:\/\/stockhurt.com\/es\/wp-json\/wp\/v2\/product\/4672","targetHints":{"allow":["GET"]}}],"collection":[{"href":"https:\/\/stockhurt.com\/es\/wp-json\/wp\/v2\/product"}],"about":[{"href":"https:\/\/stockhurt.com\/es\/wp-json\/wp\/v2\/types\/product"}],"replies":[{"embeddable":true,"href":"https:\/\/stockhurt.com\/es\/wp-json\/wp\/v2\/comments?post=4672"}],"wp:featuredmedia":[{"embeddable":true,"href":"https:\/\/stockhurt.com\/es\/wp-json\/wp\/v2\/media\/1867"}],"wp:attachment":[{"href":"https:\/\/stockhurt.com\/es\/wp-json\/wp\/v2\/media?parent=4672"}],"wp:term":[{"taxonomy":"product_cat","embeddable":true,"href":"https:\/\/stockhurt.com\/es\/wp-json\/wp\/v2\/product_cat?post=4672"},{"taxonomy":"product_tag","embeddable":true,"href":"https:\/\/stockhurt.com\/es\/wp-json\/wp\/v2\/product_tag?post=4672"}],"curies":[{"name":"wp","href":"https:\/\/api.w.org\/{rel}","templated":true}]}}