{"id":4517,"date":"2025-02-13T17:17:36","date_gmt":"2025-02-13T16:17:36","guid":{"rendered":"https:\/\/stockhurt.com\/product\/ropa-amazon-2z-grado-b\/"},"modified":"2025-12-05T09:34:33","modified_gmt":"2025-12-05T08:34:33","slug":"ropa-amazon-2z-grado-b","status":"publish","type":"product","link":"https:\/\/stockhurt.com\/es\/producto\/ropa-amazon-2z-grado-b\/","title":{"rendered":"Ropa Amazon 2Z grado B"},"content":{"rendered":"<p>La oferta se aplica a productos disponibles en Amazon: varias marcas, modelos y tallas. Los productos son art\u00edculos outlet de categor\u00eda B, lo que significa que pueden tener peque\u00f1os defectos est\u00e9ticos pero son totalmente funcionales.<\/p>\n","protected":false},"excerpt":{"rendered":"<p>La oferta se aplica a productos disponibles en Amazon: varias marcas, modelos y tallas. Los productos son art\u00edculos outlet de categor\u00eda B, lo que significa que pueden tener peque\u00f1os defectos est\u00e9ticos pero son totalmente funcionales. [&#8230;]<\/p>\n<p><a class=\"btn btn-secondary understrap-read-more-link\" href=\"https:\/\/stockhurt.com\/es\/producto\/ropa-amazon-2z-grado-b\/\">Leer m\u00e1s&#8230;<span class=\"screen-reader-text\"> from Ropa Amazon 2Z grado B<\/span><\/a><\/p>\n","protected":false},"featured_media":4522,"comment_status":"closed","ping_status":"closed","template":"","meta":{"_acf_changed":false,"om_disable_all_campaigns":false,"_monsterinsights_skip_tracking":false,"_monsterinsights_sitenote_active":false,"_monsterinsights_sitenote_note":"","_monsterinsights_sitenote_category":0},"product_cat":[196],"product_tag":[],"class_list":{"0":"post-4517","1":"product","2":"type-product","3":"status-publish","4":"has-post-thumbnail","6":"product_cat-ropa-es","7":"pa_producent-amazon-2-es-2","9":"first","10":"instock","11":"taxable","12":"shipping-taxable","13":"product-type-simple"},"acf":[],"aioseo_notices":[],"_links":{"self":[{"href":"https:\/\/stockhurt.com\/es\/wp-json\/wp\/v2\/product\/4517","targetHints":{"allow":["GET"]}}],"collection":[{"href":"https:\/\/stockhurt.com\/es\/wp-json\/wp\/v2\/product"}],"about":[{"href":"https:\/\/stockhurt.com\/es\/wp-json\/wp\/v2\/types\/product"}],"replies":[{"embeddable":true,"href":"https:\/\/stockhurt.com\/es\/wp-json\/wp\/v2\/comments?post=4517"}],"wp:featuredmedia":[{"embeddable":true,"href":"https:\/\/stockhurt.com\/es\/wp-json\/wp\/v2\/media\/4522"}],"wp:attachment":[{"href":"https:\/\/stockhurt.com\/es\/wp-json\/wp\/v2\/media?parent=4517"}],"wp:term":[{"taxonomy":"product_cat","embeddable":true,"href":"https:\/\/stockhurt.com\/es\/wp-json\/wp\/v2\/product_cat?post=4517"},{"taxonomy":"product_tag","embeddable":true,"href":"https:\/\/stockhurt.com\/es\/wp-json\/wp\/v2\/product_tag?post=4517"}],"curies":[{"name":"wp","href":"https:\/\/api.w.org\/{rel}","templated":true}]}}