{"id":4510,"date":"2025-02-13T10:18:12","date_gmt":"2025-02-13T09:18:12","guid":{"rendered":"https:\/\/stockhurt.com\/product\/calzado-amazon-grado-b\/"},"modified":"2025-11-27T17:22:14","modified_gmt":"2025-11-27T16:22:14","slug":"calzado-amazon-grado-b","status":"publish","type":"product","link":"https:\/\/stockhurt.com\/es\/producto\/calzado-amazon-grado-b\/","title":{"rendered":"Calzado Amazon grado B"},"content":{"rendered":"<p>Ofrecemos calzado de marca de calidad B, nuevo o procedente de devoluciones, que puede tener peque\u00f1as imperfecciones, como la falta del embalaje original o se\u00f1ales m\u00ednimas de hab\u00e9rtelo probado.<\/p>\n","protected":false},"excerpt":{"rendered":"<p>Ofrecemos calzado de marca de calidad B, nuevo o procedente de devoluciones, que puede tener peque\u00f1as imperfecciones, como la falta del embalaje original o se\u00f1ales m\u00ednimas de hab\u00e9rtelo probado. [&#8230;]<\/p>\n<p><a class=\"btn btn-secondary understrap-read-more-link\" href=\"https:\/\/stockhurt.com\/es\/producto\/calzado-amazon-grado-b\/\">Leer m\u00e1s&#8230;<span class=\"screen-reader-text\"> from Calzado Amazon grado B<\/span><\/a><\/p>\n","protected":false},"featured_media":4514,"comment_status":"closed","ping_status":"closed","template":"","meta":{"_acf_changed":false,"om_disable_all_campaigns":false,"_monsterinsights_skip_tracking":false,"_monsterinsights_sitenote_active":false,"_monsterinsights_sitenote_note":"","_monsterinsights_sitenote_category":0},"product_cat":[954],"product_tag":[],"class_list":{"0":"post-4510","1":"product","2":"type-product","3":"status-publish","4":"has-post-thumbnail","6":"product_cat-calzado","7":"pa_producent-amazon-2-es-2","9":"first","10":"outofstock","11":"taxable","12":"shipping-taxable","13":"product-type-simple"},"acf":[],"aioseo_notices":[],"_links":{"self":[{"href":"https:\/\/stockhurt.com\/es\/wp-json\/wp\/v2\/product\/4510","targetHints":{"allow":["GET"]}}],"collection":[{"href":"https:\/\/stockhurt.com\/es\/wp-json\/wp\/v2\/product"}],"about":[{"href":"https:\/\/stockhurt.com\/es\/wp-json\/wp\/v2\/types\/product"}],"replies":[{"embeddable":true,"href":"https:\/\/stockhurt.com\/es\/wp-json\/wp\/v2\/comments?post=4510"}],"wp:featuredmedia":[{"embeddable":true,"href":"https:\/\/stockhurt.com\/es\/wp-json\/wp\/v2\/media\/4514"}],"wp:attachment":[{"href":"https:\/\/stockhurt.com\/es\/wp-json\/wp\/v2\/media?parent=4510"}],"wp:term":[{"taxonomy":"product_cat","embeddable":true,"href":"https:\/\/stockhurt.com\/es\/wp-json\/wp\/v2\/product_cat?post=4510"},{"taxonomy":"product_tag","embeddable":true,"href":"https:\/\/stockhurt.com\/es\/wp-json\/wp\/v2\/product_tag?post=4510"}],"curies":[{"name":"wp","href":"https:\/\/api.w.org\/{rel}","templated":true}]}}