{"id":4491,"date":"2025-02-13T12:05:46","date_gmt":"2025-02-13T11:05:46","guid":{"rendered":"https:\/\/stockhurt.com\/product\/ropa-amazon-grado-b\/"},"modified":"2025-11-27T17:28:09","modified_gmt":"2025-11-27T16:28:09","slug":"ropa-amazon-grado-b","status":"publish","type":"product","link":"https:\/\/stockhurt.com\/es\/producto\/ropa-amazon-grado-b\/","title":{"rendered":"Ropa Amazon grado B"},"content":{"rendered":"<p>Ofrecemos ropa de marca de grado B: productos nuevos o devueltos de diversas marcas, que pueden tener peque\u00f1as imperfecciones, como falta de etiquetas o se\u00f1ales m\u00ednimas de hab\u00e9rselos probado.<\/p>\n","protected":false},"excerpt":{"rendered":"<p>Ofrecemos ropa de marca de grado B: productos nuevos o devueltos de diversas marcas, que pueden tener peque\u00f1as imperfecciones, como falta de etiquetas o se\u00f1ales m\u00ednimas de hab\u00e9rselos probado. [&#8230;]<\/p>\n<p><a class=\"btn btn-secondary understrap-read-more-link\" href=\"https:\/\/stockhurt.com\/es\/producto\/ropa-amazon-grado-b\/\">Leer m\u00e1s&#8230;<span class=\"screen-reader-text\"> from Ropa Amazon grado B<\/span><\/a><\/p>\n","protected":false},"featured_media":4492,"comment_status":"closed","ping_status":"closed","template":"","meta":{"_acf_changed":false,"om_disable_all_campaigns":false,"_monsterinsights_skip_tracking":false,"_monsterinsights_sitenote_active":false,"_monsterinsights_sitenote_note":"","_monsterinsights_sitenote_category":0},"product_cat":[196],"product_tag":[],"class_list":{"0":"post-4491","1":"product","2":"type-product","3":"status-publish","4":"has-post-thumbnail","6":"product_cat-ropa-es","7":"pa_producent-amazon-2-es-2","9":"first","10":"instock","11":"taxable","12":"shipping-taxable","13":"product-type-simple"},"acf":[],"aioseo_notices":[],"_links":{"self":[{"href":"https:\/\/stockhurt.com\/es\/wp-json\/wp\/v2\/product\/4491","targetHints":{"allow":["GET"]}}],"collection":[{"href":"https:\/\/stockhurt.com\/es\/wp-json\/wp\/v2\/product"}],"about":[{"href":"https:\/\/stockhurt.com\/es\/wp-json\/wp\/v2\/types\/product"}],"replies":[{"embeddable":true,"href":"https:\/\/stockhurt.com\/es\/wp-json\/wp\/v2\/comments?post=4491"}],"wp:featuredmedia":[{"embeddable":true,"href":"https:\/\/stockhurt.com\/es\/wp-json\/wp\/v2\/media\/4492"}],"wp:attachment":[{"href":"https:\/\/stockhurt.com\/es\/wp-json\/wp\/v2\/media?parent=4491"}],"wp:term":[{"taxonomy":"product_cat","embeddable":true,"href":"https:\/\/stockhurt.com\/es\/wp-json\/wp\/v2\/product_cat?post=4491"},{"taxonomy":"product_tag","embeddable":true,"href":"https:\/\/stockhurt.com\/es\/wp-json\/wp\/v2\/product_tag?post=4491"}],"curies":[{"name":"wp","href":"https:\/\/api.w.org\/{rel}","templated":true}]}}