{"id":4453,"date":"2025-02-24T12:06:41","date_gmt":"2025-02-24T11:06:41","guid":{"rendered":"https:\/\/stockhurt.com\/product\/calzado-de-mujer-warehouse-grado-b\/"},"modified":"2025-11-27T11:31:44","modified_gmt":"2025-11-27T10:31:44","slug":"calzado-de-mujer-warehouse-grado-b","status":"publish","type":"product","link":"https:\/\/stockhurt.com\/es\/producto\/calzado-de-mujer-warehouse-grado-b\/","title":{"rendered":"Calzado de mujer Warehouse grado B"},"content":{"rendered":"<p>Ofrecemos zapatos Warehouse: modelos con estilo, a la moda y elegantes a precios atractivos. Ofrecemos productos de calidad B, es decir, de final de colecci\u00f3n y modelos con peque\u00f1os defectos.<\/p>\n<p>Disponible s\u00f3lo al por mayor: para pal\u00e9s y paquetes con un peso m\u00ednimo de 20 kg.<\/p>\n","protected":false},"excerpt":{"rendered":"<p>Ofrecemos zapatos Warehouse: modelos con estilo, a la moda y elegantes a precios atractivos. Ofrecemos productos de calidad B, es decir, de final de colecci\u00f3n y modelos con peque\u00f1os defectos. Disponible s\u00f3lo al por mayor: para pal\u00e9s y paquetes con un peso m\u00ednimo de 20 kg. [&#8230;]<\/p>\n<p><a class=\"btn btn-secondary understrap-read-more-link\" href=\"https:\/\/stockhurt.com\/es\/producto\/calzado-de-mujer-warehouse-grado-b\/\">Leer m\u00e1s&#8230;<span class=\"screen-reader-text\"> from Calzado de mujer Warehouse grado B<\/span><\/a><\/p>\n","protected":false},"featured_media":4457,"comment_status":"closed","ping_status":"closed","template":"","meta":{"_acf_changed":false,"om_disable_all_campaigns":false,"_monsterinsights_skip_tracking":false,"_monsterinsights_sitenote_active":false,"_monsterinsights_sitenote_note":"","_monsterinsights_sitenote_category":0},"product_cat":[954],"product_tag":[],"class_list":{"0":"post-4453","1":"product","2":"type-product","3":"status-publish","4":"has-post-thumbnail","6":"product_cat-calzado","7":"pa_producent-warehouse-es","9":"first","10":"instock","11":"taxable","12":"shipping-taxable","13":"product-type-simple"},"acf":[],"aioseo_notices":[],"_links":{"self":[{"href":"https:\/\/stockhurt.com\/es\/wp-json\/wp\/v2\/product\/4453","targetHints":{"allow":["GET"]}}],"collection":[{"href":"https:\/\/stockhurt.com\/es\/wp-json\/wp\/v2\/product"}],"about":[{"href":"https:\/\/stockhurt.com\/es\/wp-json\/wp\/v2\/types\/product"}],"replies":[{"embeddable":true,"href":"https:\/\/stockhurt.com\/es\/wp-json\/wp\/v2\/comments?post=4453"}],"wp:featuredmedia":[{"embeddable":true,"href":"https:\/\/stockhurt.com\/es\/wp-json\/wp\/v2\/media\/4457"}],"wp:attachment":[{"href":"https:\/\/stockhurt.com\/es\/wp-json\/wp\/v2\/media?parent=4453"}],"wp:term":[{"taxonomy":"product_cat","embeddable":true,"href":"https:\/\/stockhurt.com\/es\/wp-json\/wp\/v2\/product_cat?post=4453"},{"taxonomy":"product_tag","embeddable":true,"href":"https:\/\/stockhurt.com\/es\/wp-json\/wp\/v2\/product_tag?post=4453"}],"curies":[{"name":"wp","href":"https:\/\/api.w.org\/{rel}","templated":true}]}}