{"id":4443,"date":"2025-02-24T10:16:29","date_gmt":"2025-02-24T09:16:29","guid":{"rendered":"https:\/\/stockhurt.com\/product\/debenhams-ropa-de-mujer-ropa-de-hombre-mezcla-grado-b\/"},"modified":"2025-11-27T11:19:24","modified_gmt":"2025-11-27T10:19:24","slug":"debenhams-ropa-de-mujer-ropa-de-hombre-mezcla-grado-b","status":"publish","type":"product","link":"https:\/\/stockhurt.com\/es\/producto\/debenhams-ropa-de-mujer-ropa-de-hombre-mezcla-grado-b\/","title":{"rendered":"Debenhams ropa de mujer ropa de hombre mezcla grado B"},"content":{"rendered":"<p>Ofrecemos ropa Debenhams: ropa cl\u00e1sica, elegante y con estilo a precios atractivos. Ofrecemos productos de calidad B, es decir, art\u00edculos de fin de colecci\u00f3n y modelos con peque\u00f1os defectos.<\/p>\n<p>Disponible s\u00f3lo al por mayor: para pal\u00e9s y paquetes con un peso m\u00ednimo de 20 kg.<\/p>\n","protected":false},"excerpt":{"rendered":"<p>Ofrecemos ropa Debenhams: ropa cl\u00e1sica, elegante y con estilo a precios atractivos. Ofrecemos productos de calidad B, es decir, art\u00edculos de fin de colecci\u00f3n y modelos con peque\u00f1os defectos. Disponible s\u00f3lo al por mayor: para pal\u00e9s y paquetes con un peso m\u00ednimo de 20 kg. [&#8230;]<\/p>\n<p><a class=\"btn btn-secondary understrap-read-more-link\" href=\"https:\/\/stockhurt.com\/es\/producto\/debenhams-ropa-de-mujer-ropa-de-hombre-mezcla-grado-b\/\">Leer m\u00e1s&#8230;<span class=\"screen-reader-text\"> from Debenhams ropa de mujer ropa de hombre mezcla grado B<\/span><\/a><\/p>\n","protected":false},"featured_media":4448,"comment_status":"closed","ping_status":"closed","template":"","meta":{"_acf_changed":false,"om_disable_all_campaigns":false,"_monsterinsights_skip_tracking":false,"_monsterinsights_sitenote_active":false,"_monsterinsights_sitenote_note":"","_monsterinsights_sitenote_category":0},"product_cat":[196],"product_tag":[],"class_list":{"0":"post-4443","1":"product","2":"type-product","3":"status-publish","4":"has-post-thumbnail","6":"product_cat-ropa-es","7":"pa_producent-debenhams-es-2","9":"first","10":"instock","11":"taxable","12":"shipping-taxable","13":"product-type-simple"},"acf":[],"aioseo_notices":[],"_links":{"self":[{"href":"https:\/\/stockhurt.com\/es\/wp-json\/wp\/v2\/product\/4443","targetHints":{"allow":["GET"]}}],"collection":[{"href":"https:\/\/stockhurt.com\/es\/wp-json\/wp\/v2\/product"}],"about":[{"href":"https:\/\/stockhurt.com\/es\/wp-json\/wp\/v2\/types\/product"}],"replies":[{"embeddable":true,"href":"https:\/\/stockhurt.com\/es\/wp-json\/wp\/v2\/comments?post=4443"}],"wp:featuredmedia":[{"embeddable":true,"href":"https:\/\/stockhurt.com\/es\/wp-json\/wp\/v2\/media\/4448"}],"wp:attachment":[{"href":"https:\/\/stockhurt.com\/es\/wp-json\/wp\/v2\/media?parent=4443"}],"wp:term":[{"taxonomy":"product_cat","embeddable":true,"href":"https:\/\/stockhurt.com\/es\/wp-json\/wp\/v2\/product_cat?post=4443"},{"taxonomy":"product_tag","embeddable":true,"href":"https:\/\/stockhurt.com\/es\/wp-json\/wp\/v2\/product_tag?post=4443"}],"curies":[{"name":"wp","href":"https:\/\/api.w.org\/{rel}","templated":true}]}}