{"id":4418,"date":"2025-02-21T10:43:58","date_gmt":"2025-02-21T09:43:58","guid":{"rendered":"https:\/\/stockhurt.com\/product\/ropa-de-mujer-nasty-gal-grado-a\/"},"modified":"2025-11-27T11:07:18","modified_gmt":"2025-11-27T10:07:18","slug":"ropa-de-mujer-nasty-gal-grado-a","status":"publish","type":"product","link":"https:\/\/stockhurt.com\/es\/producto\/ropa-de-mujer-nasty-gal-grado-a\/","title":{"rendered":"Ropa de mujer Nasty Gal Grado A"},"content":{"rendered":"<p>Ofrecemos ropa Nasty Gal: ropa atrevida, elegante y moderna, inspirada en las \u00faltimas tendencias. Ofrecemos productos de calidad A, es decir, modelos de calidad total, nuevos y sin defectos.<\/p>\n<p>Disponible s\u00f3lo al por mayor: para pal\u00e9s y paquetes con un peso m\u00ednimo de 20 kg.<\/p>\n","protected":false},"excerpt":{"rendered":"<p>Ofrecemos ropa Nasty Gal: ropa atrevida, elegante y moderna, inspirada en las \u00faltimas tendencias. Ofrecemos productos de calidad A, es decir, modelos de calidad total, nuevos y sin defectos. Disponible s\u00f3lo al por mayor: para pal\u00e9s y paquetes con un peso m\u00ednimo de 20 kg. [&#8230;]<\/p>\n<p><a class=\"btn btn-secondary understrap-read-more-link\" href=\"https:\/\/stockhurt.com\/es\/producto\/ropa-de-mujer-nasty-gal-grado-a\/\">Leer m\u00e1s&#8230;<span class=\"screen-reader-text\"> from Ropa de mujer Nasty Gal Grado A<\/span><\/a><\/p>\n","protected":false},"featured_media":4419,"comment_status":"closed","ping_status":"closed","template":"","meta":{"_acf_changed":false,"om_disable_all_campaigns":false,"_monsterinsights_skip_tracking":false,"_monsterinsights_sitenote_active":false,"_monsterinsights_sitenote_note":"","_monsterinsights_sitenote_category":0},"product_cat":[196],"product_tag":[],"class_list":{"0":"post-4418","1":"product","2":"type-product","3":"status-publish","4":"has-post-thumbnail","6":"product_cat-ropa-es","7":"pa_producent-nasty-gal-es","9":"first","10":"instock","11":"taxable","12":"shipping-taxable","13":"product-type-simple"},"acf":[],"aioseo_notices":[],"_links":{"self":[{"href":"https:\/\/stockhurt.com\/es\/wp-json\/wp\/v2\/product\/4418","targetHints":{"allow":["GET"]}}],"collection":[{"href":"https:\/\/stockhurt.com\/es\/wp-json\/wp\/v2\/product"}],"about":[{"href":"https:\/\/stockhurt.com\/es\/wp-json\/wp\/v2\/types\/product"}],"replies":[{"embeddable":true,"href":"https:\/\/stockhurt.com\/es\/wp-json\/wp\/v2\/comments?post=4418"}],"wp:featuredmedia":[{"embeddable":true,"href":"https:\/\/stockhurt.com\/es\/wp-json\/wp\/v2\/media\/4419"}],"wp:attachment":[{"href":"https:\/\/stockhurt.com\/es\/wp-json\/wp\/v2\/media?parent=4418"}],"wp:term":[{"taxonomy":"product_cat","embeddable":true,"href":"https:\/\/stockhurt.com\/es\/wp-json\/wp\/v2\/product_cat?post=4418"},{"taxonomy":"product_tag","embeddable":true,"href":"https:\/\/stockhurt.com\/es\/wp-json\/wp\/v2\/product_tag?post=4418"}],"curies":[{"name":"wp","href":"https:\/\/api.w.org\/{rel}","templated":true}]}}