{"id":4361,"date":"2025-02-28T09:22:13","date_gmt":"2025-02-28T08:22:13","guid":{"rendered":"https:\/\/stockhurt.com\/product\/mezcla-de-marcas-de-ropa-de-mujer-usada-grado-u\/"},"modified":"2025-11-27T12:01:11","modified_gmt":"2025-11-27T11:01:11","slug":"mezcla-de-marcas-de-ropa-de-mujer-usada-grado-u","status":"publish","type":"product","link":"https:\/\/stockhurt.com\/es\/producto\/mezcla-de-marcas-de-ropa-de-mujer-usada-grado-u\/","title":{"rendered":"Mezcla de marcas de ropa de mujer USADA grado U"},"content":{"rendered":"<p>Ofrecemos productos originales, ropa de segunda mano de plataformas europeas de comercio electr\u00f3nico &#8211; de mujer, mezcla de grado U. Tenemos una paleta de categor\u00edas: vestidos, jerseys, chaquetas, pantalones, blusas, faldas y monos. Es posible vender los productos por categor\u00edas.<br \/>\nGrado U (usado) significa productos que han sido utilizados previamente y pueden mostrar signos de desgaste, como roces, suciedad o peque\u00f1os desperfectos. Dependiendo de su estado, puede ser necesario renovar la ropa y el calzado.<\/p>\n<p>Los productos se han comercializado legalmente en la zona y est\u00e1n listos para la reventa. Somos un mayorista independiente y nuestra oferta no est\u00e1 afiliada a Zalando.<\/p>\n","protected":false},"excerpt":{"rendered":"<p>Ofrecemos productos originales, ropa de segunda mano de plataformas europeas de comercio electr\u00f3nico &#8211; de mujer, mezcla de grado U. Tenemos una paleta de categor\u00edas: vestidos, jerseys, chaquetas, pantalones, blusas, faldas y monos. Es posible vender los productos por categor\u00edas. Grado U (usado) significa productos que han sido utilizados previamente y pueden mostrar signos de [&#8230;]<\/p>\n<p><a class=\"btn btn-secondary understrap-read-more-link\" href=\"https:\/\/stockhurt.com\/es\/producto\/mezcla-de-marcas-de-ropa-de-mujer-usada-grado-u\/\">Leer m\u00e1s&#8230;<span class=\"screen-reader-text\"> from Mezcla de marcas de ropa de mujer USADA grado U<\/span><\/a><\/p>\n","protected":false},"featured_media":4368,"comment_status":"closed","ping_status":"closed","template":"","meta":{"_acf_changed":false,"om_disable_all_campaigns":false,"_monsterinsights_skip_tracking":false,"_monsterinsights_sitenote_active":false,"_monsterinsights_sitenote_note":"","_monsterinsights_sitenote_category":0},"product_cat":[196],"product_tag":[],"class_list":{"0":"post-4361","1":"product","2":"type-product","3":"status-publish","4":"has-post-thumbnail","6":"product_cat-ropa-es","7":"pa_producent-mix-brands-zal-es","9":"first","10":"instock","11":"taxable","12":"shipping-taxable","13":"product-type-simple"},"acf":[],"aioseo_notices":[],"_links":{"self":[{"href":"https:\/\/stockhurt.com\/es\/wp-json\/wp\/v2\/product\/4361","targetHints":{"allow":["GET"]}}],"collection":[{"href":"https:\/\/stockhurt.com\/es\/wp-json\/wp\/v2\/product"}],"about":[{"href":"https:\/\/stockhurt.com\/es\/wp-json\/wp\/v2\/types\/product"}],"replies":[{"embeddable":true,"href":"https:\/\/stockhurt.com\/es\/wp-json\/wp\/v2\/comments?post=4361"}],"wp:featuredmedia":[{"embeddable":true,"href":"https:\/\/stockhurt.com\/es\/wp-json\/wp\/v2\/media\/4368"}],"wp:attachment":[{"href":"https:\/\/stockhurt.com\/es\/wp-json\/wp\/v2\/media?parent=4361"}],"wp:term":[{"taxonomy":"product_cat","embeddable":true,"href":"https:\/\/stockhurt.com\/es\/wp-json\/wp\/v2\/product_cat?post=4361"},{"taxonomy":"product_tag","embeddable":true,"href":"https:\/\/stockhurt.com\/es\/wp-json\/wp\/v2\/product_tag?post=4361"}],"curies":[{"name":"wp","href":"https:\/\/api.w.org\/{rel}","templated":true}]}}