{"id":4207,"date":"2025-03-04T11:25:13","date_gmt":"2025-03-04T10:25:13","guid":{"rendered":"https:\/\/stockhurt.com\/product\/calzado-de-mujer-wallis-grado-b\/"},"modified":"2025-11-27T12:04:36","modified_gmt":"2025-11-27T11:04:36","slug":"calzado-de-mujer-wallis-grado-b","status":"publish","type":"product","link":"https:\/\/stockhurt.com\/es\/producto\/calzado-de-mujer-wallis-grado-b\/","title":{"rendered":"Calzado de mujer Wallis grado B"},"content":{"rendered":"<p>Ofrecemos calzado de mujer de Wallis de grado B. Los zapatos de esta categor\u00eda pueden tener peque\u00f1as imperfecciones, pero siguen siendo totalmente funcionales. Disponibles en paquetes y en pal\u00e9s, ideales para tiendas y mayoristas. Tramitaci\u00f3n r\u00e1pida de pedidos y precios competitivos. Ofrecemos un servicio profesional y condiciones de cooperaci\u00f3n flexibles.<\/p>\n","protected":false},"excerpt":{"rendered":"<p>Ofrecemos calzado de mujer de Wallis de grado B. Los zapatos de esta categor\u00eda pueden tener peque\u00f1as imperfecciones, pero siguen siendo totalmente funcionales. Disponibles en paquetes y en pal\u00e9s, ideales para tiendas y mayoristas. Tramitaci\u00f3n r\u00e1pida de pedidos y precios competitivos. Ofrecemos un servicio profesional y condiciones de cooperaci\u00f3n flexibles. [&#8230;]<\/p>\n<p><a class=\"btn btn-secondary understrap-read-more-link\" href=\"https:\/\/stockhurt.com\/es\/producto\/calzado-de-mujer-wallis-grado-b\/\">Leer m\u00e1s&#8230;<span class=\"screen-reader-text\"> from Calzado de mujer Wallis grado B<\/span><\/a><\/p>\n","protected":false},"featured_media":4208,"comment_status":"closed","ping_status":"closed","template":"","meta":{"_acf_changed":false,"om_disable_all_campaigns":false,"_monsterinsights_skip_tracking":false,"_monsterinsights_sitenote_active":false,"_monsterinsights_sitenote_note":"","_monsterinsights_sitenote_category":0},"product_cat":[954],"product_tag":[],"class_list":{"0":"post-4207","1":"product","2":"type-product","3":"status-publish","4":"has-post-thumbnail","6":"product_cat-calzado","7":"pa_producent-wallis-es-2","9":"first","10":"instock","11":"taxable","12":"shipping-taxable","13":"product-type-simple"},"acf":[],"aioseo_notices":[],"_links":{"self":[{"href":"https:\/\/stockhurt.com\/es\/wp-json\/wp\/v2\/product\/4207","targetHints":{"allow":["GET"]}}],"collection":[{"href":"https:\/\/stockhurt.com\/es\/wp-json\/wp\/v2\/product"}],"about":[{"href":"https:\/\/stockhurt.com\/es\/wp-json\/wp\/v2\/types\/product"}],"replies":[{"embeddable":true,"href":"https:\/\/stockhurt.com\/es\/wp-json\/wp\/v2\/comments?post=4207"}],"wp:featuredmedia":[{"embeddable":true,"href":"https:\/\/stockhurt.com\/es\/wp-json\/wp\/v2\/media\/4208"}],"wp:attachment":[{"href":"https:\/\/stockhurt.com\/es\/wp-json\/wp\/v2\/media?parent=4207"}],"wp:term":[{"taxonomy":"product_cat","embeddable":true,"href":"https:\/\/stockhurt.com\/es\/wp-json\/wp\/v2\/product_cat?post=4207"},{"taxonomy":"product_tag","embeddable":true,"href":"https:\/\/stockhurt.com\/es\/wp-json\/wp\/v2\/product_tag?post=4207"}],"curies":[{"name":"wp","href":"https:\/\/api.w.org\/{rel}","templated":true}]}}