{"id":996,"date":"2025-01-08T12:09:49","date_gmt":"2025-01-08T11:09:49","guid":{"rendered":"https:\/\/stockhurt.com\/?post_type=product&#038;p=996"},"modified":"2025-11-26T15:46:50","modified_gmt":"2025-11-26T14:46:50","slug":"oh-polly-clothes-women","status":"publish","type":"product","link":"https:\/\/stockhurt.com\/en\/product\/oh-polly-clothes-women\/","title":{"rendered":"Oh Polly clothes women grade A"},"content":{"rendered":"<p>Oh Polly is a fashion brand known for its bold, trendy, and glamorous clothing, offering stylish pieces that emphasize body confidence. It specializes in eveningwear, dresses, and chic outfits designed for a fashionable, modern lifestyle.<\/p>\n<p>&nbsp;<\/p>\n","protected":false},"excerpt":{"rendered":"<p>YouTube: <strong><a href=\"https:\/\/youtube.com\/shorts\/ADJ44jotPrQ?feature=shared\">MOVIE<\/a><\/strong><\/p>\n<hr \/>\n<p>W ofercie prezentowane s\u0105 przyk\u0142adowe modele. Dost\u0119pno\u015b\u0107 produkt\u00f3w mo\u017ce si\u0119 r\u00f3\u017cni\u0107, a przedstawione modele maj\u0105 charakter wy\u0142\u0105cznie reprezentacyjny.<\/p>\n<p><span style=\"color: #ff0000;\"><strong>Prosz\u0119 skontaktowa\u0107 si\u0119 z przedstawicielem handlowym po wi\u0119cej informacji: <a href=\"https:\/\/stockhurt.com\/kontakt\/\">KONTAKT<\/a><\/strong><\/span> [&#8230;]<\/p>\n<p><a class=\"btn btn-secondary understrap-read-more-link\" href=\"https:\/\/stockhurt.com\/en\/product\/oh-polly-clothes-women\/\">Read More&#8230;<span class=\"screen-reader-text\"> from Oh Polly clothes women grade A<\/span><\/a><\/p>\n","protected":false},"featured_media":1301,"comment_status":"closed","ping_status":"closed","template":"","meta":{"_acf_changed":false,"om_disable_all_campaigns":false,"_monsterinsights_skip_tracking":false,"_monsterinsights_sitenote_active":false,"_monsterinsights_sitenote_note":"","_monsterinsights_sitenote_category":0},"product_cat":[192],"product_tag":[],"class_list":{"0":"post-996","1":"product","2":"type-product","3":"status-publish","4":"has-post-thumbnail","6":"product_cat-odziez-en","7":"pa_producent-ohpolly-en-2","9":"first","10":"instock","11":"taxable","12":"shipping-taxable","13":"product-type-simple"},"acf":[],"aioseo_notices":[],"_links":{"self":[{"href":"https:\/\/stockhurt.com\/en\/wp-json\/wp\/v2\/product\/996","targetHints":{"allow":["GET"]}}],"collection":[{"href":"https:\/\/stockhurt.com\/en\/wp-json\/wp\/v2\/product"}],"about":[{"href":"https:\/\/stockhurt.com\/en\/wp-json\/wp\/v2\/types\/product"}],"replies":[{"embeddable":true,"href":"https:\/\/stockhurt.com\/en\/wp-json\/wp\/v2\/comments?post=996"}],"wp:featuredmedia":[{"embeddable":true,"href":"https:\/\/stockhurt.com\/en\/wp-json\/wp\/v2\/media\/1301"}],"wp:attachment":[{"href":"https:\/\/stockhurt.com\/en\/wp-json\/wp\/v2\/media?parent=996"}],"wp:term":[{"taxonomy":"product_cat","embeddable":true,"href":"https:\/\/stockhurt.com\/en\/wp-json\/wp\/v2\/product_cat?post=996"},{"taxonomy":"product_tag","embeddable":true,"href":"https:\/\/stockhurt.com\/en\/wp-json\/wp\/v2\/product_tag?post=996"}],"curies":[{"name":"wp","href":"https:\/\/api.w.org\/{rel}","templated":true}]}}