{"id":2445,"date":"2025-01-24T11:05:06","date_gmt":"2025-01-24T10:05:06","guid":{"rendered":"https:\/\/stockhurt.com\/product\/calvin-klein-ck-odziez\/"},"modified":"2026-03-16T18:45:03","modified_gmt":"2026-03-16T17:45:03","slug":"calvin-klein-ck-clothes","status":"publish","type":"product","link":"https:\/\/stockhurt.com\/en\/product\/calvin-klein-ck-clothes\/","title":{"rendered":"Calvin Klein CK clothing underwear accessories grade A"},"content":{"rendered":"<p><span style=\"color: #008000;\"><span style=\"color: #003300;\">Ask for price &gt;<\/span> <a href=\"https:\/\/stockhurt.com\/kontakt\/\"><strong>Contact<\/strong><\/a><\/span><\/p>\n<pre id=\"tw-target-text\" class=\"tw-data-text tw-text-large tw-ta\" dir=\"ltr\" data-placeholder=\"T\u0142umaczenie\" data-ved=\"2ahUKEwi3m9akjc2LAxUpB9sEHeJ1NzQQ3ewLegQIBxAV\" aria-label=\"Przet\u0142umaczony tekst: Oferujemy oryginalne ubrania Calvin Klein w ilo\u015bciach hurtowych \u2013 od pe\u0142nych palet po mniejsze opakowania zaczynaj\u0105ce si\u0119 od 20 kg. Idealne rozwi\u0105zanie dla sklep\u00f3w i butik\u00f3w poszukuj\u0105cych jako\u015bci i stylu w atrakcyjnych cenach.\"><\/pre>\n","protected":false},"excerpt":{"rendered":"<p>Ask for price &gt; Contact [&#8230;]<\/p>\n<p><a class=\"btn btn-secondary understrap-read-more-link\" href=\"https:\/\/stockhurt.com\/en\/product\/calvin-klein-ck-clothes\/\">Read More&#8230;<span class=\"screen-reader-text\"> from Calvin Klein CK clothing underwear accessories grade A<\/span><\/a><\/p>\n","protected":false},"featured_media":2082,"comment_status":"closed","ping_status":"closed","template":"","meta":{"_acf_changed":false,"om_disable_all_campaigns":false,"_monsterinsights_skip_tracking":false,"_monsterinsights_sitenote_active":false,"_monsterinsights_sitenote_note":"","_monsterinsights_sitenote_category":0},"product_cat":[1424,192,182,461,191],"product_tag":[],"class_list":{"0":"post-2445","1":"product","2":"type-product","3":"status-publish","4":"has-post-thumbnail","6":"product_cat-premium","7":"product_cat-odziez-en","8":"product_cat-torebki-en","9":"product_cat-underwear","10":"product_cat-mix-en","11":"pa_producent-calvin-klein-en-2","13":"first","14":"instock","15":"taxable","16":"shipping-taxable","17":"product-type-simple"},"acf":[],"aioseo_notices":[],"_links":{"self":[{"href":"https:\/\/stockhurt.com\/en\/wp-json\/wp\/v2\/product\/2445","targetHints":{"allow":["GET"]}}],"collection":[{"href":"https:\/\/stockhurt.com\/en\/wp-json\/wp\/v2\/product"}],"about":[{"href":"https:\/\/stockhurt.com\/en\/wp-json\/wp\/v2\/types\/product"}],"replies":[{"embeddable":true,"href":"https:\/\/stockhurt.com\/en\/wp-json\/wp\/v2\/comments?post=2445"}],"wp:featuredmedia":[{"embeddable":true,"href":"https:\/\/stockhurt.com\/en\/wp-json\/wp\/v2\/media\/2082"}],"wp:attachment":[{"href":"https:\/\/stockhurt.com\/en\/wp-json\/wp\/v2\/media?parent=2445"}],"wp:term":[{"taxonomy":"product_cat","embeddable":true,"href":"https:\/\/stockhurt.com\/en\/wp-json\/wp\/v2\/product_cat?post=2445"},{"taxonomy":"product_tag","embeddable":true,"href":"https:\/\/stockhurt.com\/en\/wp-json\/wp\/v2\/product_tag?post=2445"}],"curies":[{"name":"wp","href":"https:\/\/api.w.org\/{rel}","templated":true}]}}