{"id":2689,"date":"2024-12-10T13:48:48","date_gmt":"2024-12-10T12:48:48","guid":{"rendered":"https:\/\/stockhurt.com\/wsparcie-unii-europejskiej\/"},"modified":"2025-02-07T14:19:15","modified_gmt":"2025-02-07T13:19:15","slug":"wsparcie-unii-europejskiej","status":"publish","type":"page","link":"https:\/\/stockhurt.com\/en\/wsparcie-unii-europejskiej\/","title":{"rendered":"European Union Support"},"content":{"rendered":"<div class=\"wpb-content-wrapper\"><p>[vc_row][vc_column][vc_custom_heading text=&#8221;European Union Support&#8221; font_container=&#8221;tag:h1|text_align:center&#8221; use_theme_fonts=&#8221;yes&#8221; css=&#8221;&#8221;][\/vc_column][\/vc_row][vc_row][vc_column][vc_column_text css=&#8221;&#8221;]<strong>Beneficiary Name:<\/strong> STOCK-HURT PAWE\u0141 \u0141EPKOWSKI, JAKUB GORYCA SP\u00d3\u0141KA KOMANDYTOWA<\/p>\n<p><b><strong>Number project: <\/strong><\/b>\u201eProject number PBAR.02.01.00-00-0994\/23-00 is Funded by the European Union through the Financial Resources of the Post-Brexit Adjustment Reserve under the &#8220;Re_Open UK&#8221; Program<\/p>\n<p><b><strong>Project Title: <\/strong><\/b>Introducing a new product range as a way to counteract the negative effects of Brexit.<\/p>\n<p><strong>Project Objectives and Outcomes:<\/strong> The aim of the project is to counteract the negative effects of Brexit on the import of goods from the United Kingdom. The project involves refinancing expenses related to the acquisition of fixed assets, which enabled the expansion of the product range by introducing new assortments in electronics, furniture, and household items. This expansion has allowed for the generation of revenue and profits to mitigate the negative impact of Brexit.<\/p>\n<p><b><strong>Amount of Funding: <\/strong><\/b>56 936,16 EURO[\/vc_column_text][\/vc_column][\/vc_row][vc_row][vc_column][vc_single_image image=&#8221;448&#8243; img_size=&#8221;full&#8221; css=&#8221;&#8221;][\/vc_column][\/vc_row]<\/p>\n<\/div>","protected":false},"excerpt":{"rendered":"<p>[vc_row][vc_column][vc_custom_heading text=&#8221;European Union Support&#8221; font_container=&#8221;tag:h1|text_align:center&#8221; use_theme_fonts=&#8221;yes&#8221; css=&#8221;&#8221;][\/vc_column][\/vc_row][vc_row][vc_column][vc_column_text css=&#8221;&#8221;]Beneficiary Name: STOCK-HURT PAWE\u0141 \u0141EPKOWSKI, JAKUB GORYCA SP\u00d3\u0141KA KOMANDYTOWA Number project: \u201eProject number PBAR.02.01.00-00-0994\/23-00 is Funded by the European Union through the Financial Resources of the Post-Brexit Adjustment Reserve under the &#8220;Re_Open UK&#8221; Program Project Title: Introducing a new product range as a way to counteract the negative [&#8230;]<\/p>\n<p><a class=\"btn btn-secondary understrap-read-more-link\" href=\"https:\/\/stockhurt.com\/en\/wsparcie-unii-europejskiej\/\">Read More&#8230;<span class=\"screen-reader-text\"> from European Union Support<\/span><\/a><\/p>\n","protected":false},"author":1,"featured_media":0,"parent":0,"menu_order":0,"comment_status":"closed","ping_status":"closed","template":"page-templates\/no-title.php","meta":{"_acf_changed":false,"om_disable_all_campaigns":false,"_monsterinsights_skip_tracking":false,"_monsterinsights_sitenote_active":false,"_monsterinsights_sitenote_note":"","_monsterinsights_sitenote_category":0,"footnotes":""},"class_list":["post-2689","page","type-page","status-publish","hentry"],"acf":[],"aioseo_notices":[],"_links":{"self":[{"href":"https:\/\/stockhurt.com\/en\/wp-json\/wp\/v2\/pages\/2689","targetHints":{"allow":["GET"]}}],"collection":[{"href":"https:\/\/stockhurt.com\/en\/wp-json\/wp\/v2\/pages"}],"about":[{"href":"https:\/\/stockhurt.com\/en\/wp-json\/wp\/v2\/types\/page"}],"author":[{"embeddable":true,"href":"https:\/\/stockhurt.com\/en\/wp-json\/wp\/v2\/users\/1"}],"replies":[{"embeddable":true,"href":"https:\/\/stockhurt.com\/en\/wp-json\/wp\/v2\/comments?post=2689"}],"version-history":[{"count":2,"href":"https:\/\/stockhurt.com\/en\/wp-json\/wp\/v2\/pages\/2689\/revisions"}],"predecessor-version":[{"id":2691,"href":"https:\/\/stockhurt.com\/en\/wp-json\/wp\/v2\/pages\/2689\/revisions\/2691"}],"wp:attachment":[{"href":"https:\/\/stockhurt.com\/en\/wp-json\/wp\/v2\/media?parent=2689"}],"curies":[{"name":"wp","href":"https:\/\/api.w.org\/{rel}","templated":true}]}}